{"id":1592,"date":"2020-02-17T03:14:16","date_gmt":"2020-02-17T02:14:16","guid":{"rendered":"https:\/\/centrumbienestar.sk\/?page_id=1592"},"modified":"2020-02-17T03:15:59","modified_gmt":"2020-02-17T02:15:59","slug":"consejeria-de-pareja","status":"publish","type":"page","link":"https:\/\/centrumbienestar.sk\/es\/servicios\/consejeria-de-pareja\/","title":{"rendered":"Consejer\u00eda de pareja"},"content":{"rendered":"[vc_row][vc_column width=\u00bb1\/3&#8243;][gt3_image_box thumbnail=\u00bb1257&#8243; image_position=\u00bbtop\u00bb title_tag=\u00bbh2&#8243; title_color=\u00bb#42474c\u00bb text_color=\u00bb#5c656d\u00bb link_color=\u00bb#4eaac8&#8243; link_hover_color=\u00bb#42474c\u00bb new_tab=\u00bb\u00bb][\/vc_column][vc_column width=\u00bb2\/3&#8243;][vc_column_text]Los tiempos modernos ponen mucha presi\u00f3n en las relaciones. Si quieres mantener y mejorar tu relaci\u00f3n, estaremos encantados de aconsejarte y ayudarte usando el conocimiento que hemos adquirido durante nuestra vasta experiencia.<\/p>\n<p>Trabajando juntos aprender\u00e1s a comunicarte efectivamente y superar los malentendidos. Te mostraremos c\u00f3mo hablar de mejor forma sobre tus deseos y expectativas, c\u00f3mo prevenir decepciones y vivir una relaci\u00f3n plena.[\/vc_column_text][gt3_spacing height=\u00bb32px\u00bb][gt3_button button_title=\u00bbHaz una cita\u00bb button_alignment=\u00bbcenter\u00bb link=\u00bburl:https%3A%2F%2Fcentrumbienestar.sk%2Fes%2Fcontacto%2F|title:Contacto||\u00bb item_el_class=\u00bbcustom-button\u00bb][gt3_spacing height=\u00bb32px\u00bb][gt3_spacing height=\u00bb32px\u00bb][\/vc_column][\/vc_row]\n","protected":false},"excerpt":{"rendered":"<p>[vc_row][vc_column width=\u00bb1\/3&#8243;][gt3_image_box thumbnail=\u00bb1257&#8243; image_position=\u00bbtop\u00bb title_tag=\u00bbh2&#8243; title_color=\u00bb#42474c\u00bb text_color=\u00bb#5c656d\u00bb link_color=\u00bb#4eaac8&#8243; link_hover_color=\u00bb#42474c\u00bb new_tab=\u00bb\u00bb][\/vc_column][vc_column width=\u00bb2\/3&#8243;][vc_column_text]Los tiempos modernos ponen mucha presi\u00f3n en las relaciones. Si quieres mantener y mejorar tu relaci\u00f3n, estaremos encantados de aconsejarte y ayudarte usando el conocimiento que hemos adquirido durante nuestra vasta experiencia. Trabajando juntos aprender\u00e1s a comunicarte efectivamente y superar los malentendidos. Te mostraremos c\u00f3mo [&hellip;]<\/p>\n","protected":false},"author":1,"featured_media":0,"parent":1587,"menu_order":0,"comment_status":"closed","ping_status":"closed","template":"","meta":{"footnotes":""},"class_list":["post-1592","page","type-page","status-publish","hentry"],"yoast_head":"<!-- This site is optimized with the Yoast SEO plugin v23.8 - https:\/\/yoast.com\/wordpress\/plugins\/seo\/ -->\n<title>Consejer\u00eda de pareja - Centro de consejer\u00eda Bienestar<\/title>\n<meta name=\"description\" content=\"Consejer\u00eda de pareja\" \/>\n<meta name=\"robots\" content=\"index, follow, max-snippet:-1, max-image-preview:large, max-video-preview:-1\" \/>\n<link rel=\"canonical\" href=\"https:\/\/centrumbienestar.sk\/es\/servicios\/consejeria-de-pareja\/\" \/>\n<meta property=\"og:locale\" content=\"es_ES\" \/>\n<meta property=\"og:type\" content=\"article\" \/>\n<meta property=\"og:title\" content=\"Consejer\u00eda de pareja - Centro de consejer\u00eda Bienestar\" \/>\n<meta property=\"og:description\" content=\"Consejer\u00eda de pareja\" \/>\n<meta property=\"og:url\" content=\"https:\/\/centrumbienestar.sk\/es\/servicios\/consejeria-de-pareja\/\" \/>\n<meta property=\"og:site_name\" content=\"Centro de consejer\u00eda Bienestar\" \/>\n<meta property=\"article:publisher\" content=\"https:\/\/www.facebook.com\/PoradenskeCentrumBienestar\" \/>\n<meta property=\"article:modified_time\" content=\"2020-02-17T02:15:59+00:00\" \/>\n<meta name=\"twitter:label1\" content=\"Tiempo de lectura\" \/>\n\t<meta name=\"twitter:data1\" content=\"1 minuto\" \/>\n<script type=\"application\/ld+json\" class=\"yoast-schema-graph\">{\"@context\":\"https:\/\/schema.org\",\"@graph\":[{\"@type\":\"WebPage\",\"@id\":\"https:\/\/centrumbienestar.sk\/es\/servicios\/consejeria-de-pareja\/\",\"url\":\"https:\/\/centrumbienestar.sk\/es\/servicios\/consejeria-de-pareja\/\",\"name\":\"Consejer\u00eda de pareja - Centro de consejer\u00eda Bienestar\",\"isPartOf\":{\"@id\":\"https:\/\/centrumbienestar.sk\/es\/#website\"},\"datePublished\":\"2020-02-17T02:14:16+00:00\",\"dateModified\":\"2020-02-17T02:15:59+00:00\",\"description\":\"Consejer\u00eda de pareja\",\"breadcrumb\":{\"@id\":\"https:\/\/centrumbienestar.sk\/es\/servicios\/consejeria-de-pareja\/#breadcrumb\"},\"inLanguage\":\"es\",\"potentialAction\":[{\"@type\":\"ReadAction\",\"target\":[\"https:\/\/centrumbienestar.sk\/es\/servicios\/consejeria-de-pareja\/\"]}]},{\"@type\":\"BreadcrumbList\",\"@id\":\"https:\/\/centrumbienestar.sk\/es\/servicios\/consejeria-de-pareja\/#breadcrumb\",\"itemListElement\":[{\"@type\":\"ListItem\",\"position\":1,\"name\":\"Home\",\"item\":\"https:\/\/centrumbienestar.sk\/es\/\"},{\"@type\":\"ListItem\",\"position\":2,\"name\":\"Servicios\",\"item\":\"https:\/\/centrumbienestar.sk\/es\/servicios\/\"},{\"@type\":\"ListItem\",\"position\":3,\"name\":\"Consejer\u00eda de pareja\"}]},{\"@type\":\"WebSite\",\"@id\":\"https:\/\/centrumbienestar.sk\/es\/#website\",\"url\":\"https:\/\/centrumbienestar.sk\/es\/\",\"name\":\"Centro de consejer\u00eda Bienestar\",\"description\":\"Gracias a muchos a\u00f1os de experiencia, te ayudaremos a resolver tus problemas en la forma m\u00e1s profesional y efectiva. Adem\u00e1s, conectamos nuestra experiencia con novedades.\",\"publisher\":{\"@id\":\"https:\/\/centrumbienestar.sk\/es\/#organization\"},\"potentialAction\":[{\"@type\":\"SearchAction\",\"target\":{\"@type\":\"EntryPoint\",\"urlTemplate\":\"https:\/\/centrumbienestar.sk\/es\/?s={search_term_string}\"},\"query-input\":{\"@type\":\"PropertyValueSpecification\",\"valueRequired\":true,\"valueName\":\"search_term_string\"}}],\"inLanguage\":\"es\"},{\"@type\":\"Organization\",\"@id\":\"https:\/\/centrumbienestar.sk\/es\/#organization\",\"name\":\"Poradensk\u00e9 centrum Bienestar\",\"url\":\"https:\/\/centrumbienestar.sk\/es\/\",\"logo\":{\"@type\":\"ImageObject\",\"inLanguage\":\"es\",\"@id\":\"https:\/\/centrumbienestar.sk\/es\/#\/schema\/logo\/image\/\",\"url\":\"https:\/\/centrumbienestar.sk\/wp-content\/uploads\/2019\/12\/bienestar_logo_svk.png\",\"contentUrl\":\"https:\/\/centrumbienestar.sk\/wp-content\/uploads\/2019\/12\/bienestar_logo_svk.png\",\"width\":800,\"height\":662,\"caption\":\"Poradensk\u00e9 centrum Bienestar\"},\"image\":{\"@id\":\"https:\/\/centrumbienestar.sk\/es\/#\/schema\/logo\/image\/\"},\"sameAs\":[\"https:\/\/www.facebook.com\/PoradenskeCentrumBienestar\"]}]}<\/script>\n<!-- \/ Yoast SEO plugin. -->","yoast_head_json":{"title":"Consejer\u00eda de pareja - Centro de consejer\u00eda Bienestar","description":"Consejer\u00eda de pareja","robots":{"index":"index","follow":"follow","max-snippet":"max-snippet:-1","max-image-preview":"max-image-preview:large","max-video-preview":"max-video-preview:-1"},"canonical":"https:\/\/centrumbienestar.sk\/es\/servicios\/consejeria-de-pareja\/","og_locale":"es_ES","og_type":"article","og_title":"Consejer\u00eda de pareja - Centro de consejer\u00eda Bienestar","og_description":"Consejer\u00eda de pareja","og_url":"https:\/\/centrumbienestar.sk\/es\/servicios\/consejeria-de-pareja\/","og_site_name":"Centro de consejer\u00eda Bienestar","article_publisher":"https:\/\/www.facebook.com\/PoradenskeCentrumBienestar","article_modified_time":"2020-02-17T02:15:59+00:00","twitter_misc":{"Tiempo de lectura":"1 minuto"},"schema":{"@context":"https:\/\/schema.org","@graph":[{"@type":"WebPage","@id":"https:\/\/centrumbienestar.sk\/es\/servicios\/consejeria-de-pareja\/","url":"https:\/\/centrumbienestar.sk\/es\/servicios\/consejeria-de-pareja\/","name":"Consejer\u00eda de pareja - Centro de consejer\u00eda Bienestar","isPartOf":{"@id":"https:\/\/centrumbienestar.sk\/es\/#website"},"datePublished":"2020-02-17T02:14:16+00:00","dateModified":"2020-02-17T02:15:59+00:00","description":"Consejer\u00eda de pareja","breadcrumb":{"@id":"https:\/\/centrumbienestar.sk\/es\/servicios\/consejeria-de-pareja\/#breadcrumb"},"inLanguage":"es","potentialAction":[{"@type":"ReadAction","target":["https:\/\/centrumbienestar.sk\/es\/servicios\/consejeria-de-pareja\/"]}]},{"@type":"BreadcrumbList","@id":"https:\/\/centrumbienestar.sk\/es\/servicios\/consejeria-de-pareja\/#breadcrumb","itemListElement":[{"@type":"ListItem","position":1,"name":"Home","item":"https:\/\/centrumbienestar.sk\/es\/"},{"@type":"ListItem","position":2,"name":"Servicios","item":"https:\/\/centrumbienestar.sk\/es\/servicios\/"},{"@type":"ListItem","position":3,"name":"Consejer\u00eda de pareja"}]},{"@type":"WebSite","@id":"https:\/\/centrumbienestar.sk\/es\/#website","url":"https:\/\/centrumbienestar.sk\/es\/","name":"Centro de consejer\u00eda Bienestar","description":"Gracias a muchos a\u00f1os de experiencia, te ayudaremos a resolver tus problemas en la forma m\u00e1s profesional y efectiva. Adem\u00e1s, conectamos nuestra experiencia con novedades.","publisher":{"@id":"https:\/\/centrumbienestar.sk\/es\/#organization"},"potentialAction":[{"@type":"SearchAction","target":{"@type":"EntryPoint","urlTemplate":"https:\/\/centrumbienestar.sk\/es\/?s={search_term_string}"},"query-input":{"@type":"PropertyValueSpecification","valueRequired":true,"valueName":"search_term_string"}}],"inLanguage":"es"},{"@type":"Organization","@id":"https:\/\/centrumbienestar.sk\/es\/#organization","name":"Poradensk\u00e9 centrum Bienestar","url":"https:\/\/centrumbienestar.sk\/es\/","logo":{"@type":"ImageObject","inLanguage":"es","@id":"https:\/\/centrumbienestar.sk\/es\/#\/schema\/logo\/image\/","url":"https:\/\/centrumbienestar.sk\/wp-content\/uploads\/2019\/12\/bienestar_logo_svk.png","contentUrl":"https:\/\/centrumbienestar.sk\/wp-content\/uploads\/2019\/12\/bienestar_logo_svk.png","width":800,"height":662,"caption":"Poradensk\u00e9 centrum Bienestar"},"image":{"@id":"https:\/\/centrumbienestar.sk\/es\/#\/schema\/logo\/image\/"},"sameAs":["https:\/\/www.facebook.com\/PoradenskeCentrumBienestar"]}]}},"_links":{"self":[{"href":"https:\/\/centrumbienestar.sk\/es\/wp-json\/wp\/v2\/pages\/1592","targetHints":{"allow":["GET"]}}],"collection":[{"href":"https:\/\/centrumbienestar.sk\/es\/wp-json\/wp\/v2\/pages"}],"about":[{"href":"https:\/\/centrumbienestar.sk\/es\/wp-json\/wp\/v2\/types\/page"}],"author":[{"embeddable":true,"href":"https:\/\/centrumbienestar.sk\/es\/wp-json\/wp\/v2\/users\/1"}],"replies":[{"embeddable":true,"href":"https:\/\/centrumbienestar.sk\/es\/wp-json\/wp\/v2\/comments?post=1592"}],"version-history":[{"count":4,"href":"https:\/\/centrumbienestar.sk\/es\/wp-json\/wp\/v2\/pages\/1592\/revisions"}],"predecessor-version":[{"id":1618,"href":"https:\/\/centrumbienestar.sk\/es\/wp-json\/wp\/v2\/pages\/1592\/revisions\/1618"}],"up":[{"embeddable":true,"href":"https:\/\/centrumbienestar.sk\/es\/wp-json\/wp\/v2\/pages\/1587"}],"wp:attachment":[{"href":"https:\/\/centrumbienestar.sk\/es\/wp-json\/wp\/v2\/media?parent=1592"}],"curies":[{"name":"wp","href":"https:\/\/api.w.org\/{rel}","templated":true}]}}