{"id":1587,"date":"2020-02-17T03:10:07","date_gmt":"2020-02-17T02:10:07","guid":{"rendered":"https:\/\/centrumbienestar.sk\/?page_id=1587"},"modified":"2020-02-17T03:48:32","modified_gmt":"2020-02-17T02:48:32","slug":"servicios","status":"publish","type":"page","link":"https:\/\/centrumbienestar.sk\/es\/servicios\/","title":{"rendered":"Servicios"},"content":{"rendered":"[vc_row full_width=\u00bbstretch_row\u00bb css=\u00bb.vc_custom_1576726950326{background-color: #ffffff !important;}\u00bb][vc_column][vc_custom_heading text=\u00bbEl centro Bienestar ofrece la atenci\u00f3n especializada no \u00fanicamente para diferentes grupos de edad pero tambi\u00e9n est\u00e1 adaptado a las necesidades y perfil espec\u00edficos de los clientes. \u00bb font_container=\u00bbtag:h2|text_align:center\u00bb google_fonts=\u00bbfont_family:Lato%3A100%2C100italic%2C300%2C300italic%2Cregular%2Citalic%2C700%2C700italic%2C900%2C900italic|font_style:300%20light%20regular%3A300%3Anormal\u00bb][gt3_spacing height=\u00bb50px\u00bb][vc_separator color=\u00bbcustom\u00bb el_width=\u00bb75px\u00bb accent_color=\u00bb#d9e0e4&#8243;][\/vc_column][\/vc_row][vc_row][vc_column width=\u00bb1\/3&#8243;][vc_single_image image=\u00bb1172&#8243; img_size=\u00bblarge\u00bb style=\u00bbvc_box_rounded\u00bb onclick=\u00bbcustom_link\u00bb link=\u00bbhttps:\/\/centrumbienestar.sk\/sluzby\/mental-zero-waste\/\u00bb][gt3_spacing height=\u00bb32px\u00bb][gt3_custom_text text_color=\u00bb#5c656d\u00bb font_size=\u00bb32&#8243;]\n<p style=\"text-align: center;\">Mental Zero Waste<\/p>\n[\/gt3_custom_text][gt3_spacing height=\u00bb32px\u00bb][gt3_custom_text text_color=\u00bb#5c656d\u00bb font_size=\u00bb16&#8243;]\n<p style=\"text-align: center;\">Mental Zero Waste es un programa que solo puedes encontrar en el Centro Bienestar. El programa Mental Zero Waste puede ayudarte a hacer frente a las dificultades de la vida moderna y te garantizar\u00e1 una vida satisfactoria y balanceada.<span lang=\"ES-TRAD\"><\/span><\/p>\n[\/gt3_custom_text][gt3_spacing height=\u00bb32px\u00bb][gt3_button button_title=\u00bbLee mas\u00bb button_alignment=\u00bbcenter\u00bb item_el_class=\u00bbcustom-button\u00bb link=\u00bburl:https%3A%2F%2Fcentrumbienestar.sk%2Fes%2Fservicios%2Fmental-zero-waste%2F|title:Mental%20Zero%20Waste||\u00bb][gt3_spacing height=\u00bb64px\u00bb][\/vc_column][vc_column width=\u00bb1\/3&#8243;][vc_single_image image=\u00bb1179&#8243; img_size=\u00bblarge\u00bb style=\u00bbvc_box_rounded\u00bb onclick=\u00bbcustom_link\u00bb link=\u00bbhttps:\/\/centrumbienestar.sk\/sluzby\/individualne-poradenstvo-pre-deti-a-dospievajucich\/\u00bb][gt3_spacing height=\u00bb32px\u00bb][gt3_custom_text text_color=\u00bb#5c656d\u00bb font_size=\u00bb32&#8243;]\n<p style=\"text-align: center;\">Consejer\u00eda individual para ni\u00f1os y adolescentes<\/p>\n[\/gt3_custom_text][gt3_spacing height=\u00bb32px\u00bb][gt3_custom_text text_color=\u00bb#5c656d\u00bb font_size=\u00bb16&#8243;]El cuidado individual para ni\u00f1os y adolescentes es adecuado si piensas que tu hijo podr\u00eda necesitar ayuda.<span lang=\"ES-TRAD\"><\/span>[\/gt3_custom_text][gt3_spacing height=\u00bb32px\u00bb][gt3_button button_title=\u00bbLee mas\u00bb button_alignment=\u00bbcenter\u00bb item_el_class=\u00bbcustom-button\u00bb link=\u00bburl:https%3A%2F%2Fcentrumbienestar.sk%2Fes%2Fservicios%2Fconsejeria-individual-para-ninos-y-adolescentes%2F|title:Consejer%C3%ADa%20individual%20para%20ni%C3%B1os%20y%20adolescentes||\u00bb][gt3_spacing height=\u00bb64px\u00bb][\/vc_column][vc_column width=\u00bb1\/3&#8243;][vc_single_image image=\u00bb1177&#8243; img_size=\u00bblarge\u00bb style=\u00bbvc_box_rounded\u00bb onclick=\u00bbcustom_link\u00bb link=\u00bbhttps:\/\/centrumbienestar.sk\/sluzby\/individualne-poradenstvo-pre-dospelych\/\u00bb][gt3_spacing height=\u00bb32px\u00bb][gt3_custom_text text_color=\u00bb#5c656d\u00bb font_size=\u00bb32&#8243;]\n<p style=\"text-align: center;\">Consejer\u00eda individual para adultos<\/p>\n[\/gt3_custom_text][gt3_spacing height=\u00bb32px\u00bb][gt3_custom_text text_color=\u00bb#5c656d\u00bb font_size=\u00bb16&#8243;]\n<p style=\"text-align: center;\">Si sufres de estr\u00e9s y ansiedad, si sufres de problemas en el trabajo o en tu vida privada, te recomendamos consejer\u00eda individual. Durante estas sesiones, buscaremos juntos una manera de mejorar la calidad de tu vida.<span lang=\"ES-TRAD\"><\/span><\/p>\n[\/gt3_custom_text][gt3_spacing height=\u00bb32px\u00bb][gt3_button button_title=\u00bbLee mas\u00bb button_alignment=\u00bbcenter\u00bb item_el_class=\u00bbcustom-button\u00bb link=\u00bburl:https%3A%2F%2Fcentrumbienestar.sk%2Fes%2Fservicios%2Fconsejeria-individual-para-adultos%2F|title:Consejer%C3%ADa%20individual%20para%20adultos||\u00bb][gt3_spacing height=\u00bb64px\u00bb][\/vc_column][\/vc_row][vc_row][vc_column width=\u00bb1\/6&#8243;][\/vc_column][vc_column width=\u00bb1\/3&#8243;][vc_single_image image=\u00bb1194&#8243; img_size=\u00bblarge\u00bb style=\u00bbvc_box_rounded\u00bb onclick=\u00bbcustom_link\u00bb link=\u00bbhttps:\/\/centrumbienestar.sk\/sluzby\/online-poradenstvo\/\u00bb][gt3_spacing height=\u00bb32px\u00bb][gt3_custom_text text_color=\u00bb#5c656d\u00bb font_size=\u00bb32&#8243;]\n<p style=\"text-align: center;\">Consejer\u00eda en l\u00ednea<\/p>\n[\/gt3_custom_text][gt3_spacing height=\u00bb32px\u00bb][gt3_custom_text text_color=\u00bb#5c656d\u00bb font_size=\u00bb16&#8243;]\n<p style=\"text-align: center;\">Desde luego tambi\u00e9n ofrecemos consejer\u00eda en l\u00ednea. No se diferencia en la forma ni el enfoque de la consejer\u00eda cara a cara, pero puedes acceder a ella desde la comodidad de tu hogar.<\/p>\n[\/gt3_custom_text][gt3_spacing height=\u00bb32px\u00bb][gt3_button button_title=\u00bbLee mas\u00bb button_alignment=\u00bbcenter\u00bb item_el_class=\u00bbcustom-button\u00bb link=\u00bburl:https%3A%2F%2Fcentrumbienestar.sk%2Fes%2Fservicios%2Fconsejeria-en-linea%2F|title:Consejer%C3%ADa%20en%20l%C3%ADnea||\u00bb][gt3_spacing height=\u00bb64px\u00bb][\/vc_column][vc_column width=\u00bb1\/3&#8243;][vc_single_image image=\u00bb1257&#8243; img_size=\u00bblarge\u00bb style=\u00bbvc_box_rounded\u00bb onclick=\u00bbcustom_link\u00bb link=\u00bbhttps:\/\/centrumbienestar.sk\/sluzby\/parove-poradenstvo\/\u00bb][gt3_spacing height=\u00bb32px\u00bb][gt3_custom_text text_color=\u00bb#5c656d\u00bb font_size=\u00bb32&#8243;]\n<p style=\"text-align: center;\">Consejer\u00eda de pareja<\/p>\n[\/gt3_custom_text][gt3_spacing height=\u00bb32px\u00bb][gt3_custom_text text_color=\u00bb#5c656d\u00bb font_size=\u00bb16&#8243;]\n<p style=\"text-align: center;\">Los tiempos modernos ponen mucha presi\u00f3n en las relaciones. Si quieres mantener y mejorar tu relaci\u00f3n, estaremos encantados de aconsejarte y ayudarte usando el conocimiento que hemos adquirido durante nuestra vasta experiencia.<\/p>\n<p style=\"text-align: center;\"><span lang=\"ES-TRAD\">\u00a0<\/span><\/p>\n[\/gt3_custom_text][gt3_spacing height=\u00bb32px\u00bb][gt3_button button_title=\u00bbLee mas\u00bb button_alignment=\u00bbcenter\u00bb item_el_class=\u00bbcustom-button\u00bb link=\u00bburl:https%3A%2F%2Fcentrumbienestar.sk%2Fes%2Fservicios%2Fconsejeria-de-pareja%2F|title:Consejer%C3%ADa%20de%20pareja||\u00bb][gt3_spacing height=\u00bb64px\u00bb][\/vc_column][vc_column width=\u00bb1\/6&#8243;][\/vc_column][\/vc_row][vc_row][vc_column][gt3_spacing height=\u00bb64px\u00bb][\/vc_column][\/vc_row]\n","protected":false},"excerpt":{"rendered":"<p>[vc_row full_width=\u00bbstretch_row\u00bb css=\u00bb.vc_custom_1576726950326{background-color: #ffffff !important;}\u00bb][vc_column][vc_custom_heading text=\u00bbEl centro Bienestar ofrece la atenci\u00f3n especializada no \u00fanicamente para diferentes grupos de edad pero tambi\u00e9n est\u00e1 adaptado a las necesidades y perfil espec\u00edficos de los clientes. \u00bb font_container=\u00bbtag:h2|text_align:center\u00bb google_fonts=\u00bbfont_family:Lato%3A100%2C100italic%2C300%2C300italic%2Cregular%2Citalic%2C700%2C700italic%2C900%2C900italic|font_style:300%20light%20regular%3A300%3Anormal\u00bb][gt3_spacing height=\u00bb50px\u00bb][vc_separator color=\u00bbcustom\u00bb el_width=\u00bb75px\u00bb accent_color=\u00bb#d9e0e4&#8243;][\/vc_column][\/vc_row][vc_row][vc_column width=\u00bb1\/3&#8243;][vc_single_image image=\u00bb1172&#8243; img_size=\u00bblarge\u00bb style=\u00bbvc_box_rounded\u00bb onclick=\u00bbcustom_link\u00bb link=\u00bbhttps:\/\/centrumbienestar.sk\/sluzby\/mental-zero-waste\/\u00bb][gt3_spacing height=\u00bb32px\u00bb][gt3_custom_text text_color=\u00bb#5c656d\u00bb font_size=\u00bb32&#8243;] Mental Zero Waste [\/gt3_custom_text][gt3_spacing height=\u00bb32px\u00bb][gt3_custom_text text_color=\u00bb#5c656d\u00bb font_size=\u00bb16&#8243;] [&hellip;]<\/p>\n","protected":false},"author":1,"featured_media":0,"parent":0,"menu_order":0,"comment_status":"closed","ping_status":"closed","template":"","meta":{"footnotes":""},"class_list":["post-1587","page","type-page","status-publish","hentry"],"yoast_head":"<!-- This site is optimized with the Yoast SEO plugin v23.8 - https:\/\/yoast.com\/wordpress\/plugins\/seo\/ -->\n<title>Servicios - Centro de consejer\u00eda Bienestar<\/title>\n<meta name=\"description\" content=\"Servicios\" \/>\n<meta name=\"robots\" content=\"index, follow, max-snippet:-1, max-image-preview:large, max-video-preview:-1\" \/>\n<link rel=\"canonical\" href=\"https:\/\/centrumbienestar.sk\/es\/servicios\/\" \/>\n<meta property=\"og:locale\" content=\"es_ES\" \/>\n<meta property=\"og:type\" content=\"article\" \/>\n<meta property=\"og:title\" content=\"Servicios - Centro de consejer\u00eda Bienestar\" \/>\n<meta property=\"og:description\" content=\"Servicios\" \/>\n<meta property=\"og:url\" content=\"https:\/\/centrumbienestar.sk\/es\/servicios\/\" \/>\n<meta property=\"og:site_name\" content=\"Centro de consejer\u00eda Bienestar\" \/>\n<meta property=\"article:publisher\" content=\"https:\/\/www.facebook.com\/PoradenskeCentrumBienestar\" \/>\n<meta property=\"article:modified_time\" content=\"2020-02-17T02:48:32+00:00\" \/>\n<meta name=\"twitter:label1\" content=\"Tiempo de lectura\" \/>\n\t<meta name=\"twitter:data1\" content=\"4 minutos\" \/>\n<script type=\"application\/ld+json\" class=\"yoast-schema-graph\">{\"@context\":\"https:\/\/schema.org\",\"@graph\":[{\"@type\":\"WebPage\",\"@id\":\"https:\/\/centrumbienestar.sk\/es\/servicios\/\",\"url\":\"https:\/\/centrumbienestar.sk\/es\/servicios\/\",\"name\":\"Servicios - Centro de consejer\u00eda Bienestar\",\"isPartOf\":{\"@id\":\"https:\/\/centrumbienestar.sk\/es\/#website\"},\"datePublished\":\"2020-02-17T02:10:07+00:00\",\"dateModified\":\"2020-02-17T02:48:32+00:00\",\"description\":\"Servicios\",\"breadcrumb\":{\"@id\":\"https:\/\/centrumbienestar.sk\/es\/servicios\/#breadcrumb\"},\"inLanguage\":\"es\",\"potentialAction\":[{\"@type\":\"ReadAction\",\"target\":[\"https:\/\/centrumbienestar.sk\/es\/servicios\/\"]}]},{\"@type\":\"BreadcrumbList\",\"@id\":\"https:\/\/centrumbienestar.sk\/es\/servicios\/#breadcrumb\",\"itemListElement\":[{\"@type\":\"ListItem\",\"position\":1,\"name\":\"Home\",\"item\":\"https:\/\/centrumbienestar.sk\/es\/\"},{\"@type\":\"ListItem\",\"position\":2,\"name\":\"Servicios\"}]},{\"@type\":\"WebSite\",\"@id\":\"https:\/\/centrumbienestar.sk\/es\/#website\",\"url\":\"https:\/\/centrumbienestar.sk\/es\/\",\"name\":\"Centro de consejer\u00eda Bienestar\",\"description\":\"Gracias a muchos a\u00f1os de experiencia, te ayudaremos a resolver tus problemas en la forma m\u00e1s profesional y efectiva. Adem\u00e1s, conectamos nuestra experiencia con novedades.\",\"publisher\":{\"@id\":\"https:\/\/centrumbienestar.sk\/es\/#organization\"},\"potentialAction\":[{\"@type\":\"SearchAction\",\"target\":{\"@type\":\"EntryPoint\",\"urlTemplate\":\"https:\/\/centrumbienestar.sk\/es\/?s={search_term_string}\"},\"query-input\":{\"@type\":\"PropertyValueSpecification\",\"valueRequired\":true,\"valueName\":\"search_term_string\"}}],\"inLanguage\":\"es\"},{\"@type\":\"Organization\",\"@id\":\"https:\/\/centrumbienestar.sk\/es\/#organization\",\"name\":\"Poradensk\u00e9 centrum Bienestar\",\"url\":\"https:\/\/centrumbienestar.sk\/es\/\",\"logo\":{\"@type\":\"ImageObject\",\"inLanguage\":\"es\",\"@id\":\"https:\/\/centrumbienestar.sk\/es\/#\/schema\/logo\/image\/\",\"url\":\"https:\/\/centrumbienestar.sk\/wp-content\/uploads\/2019\/12\/bienestar_logo_svk.png\",\"contentUrl\":\"https:\/\/centrumbienestar.sk\/wp-content\/uploads\/2019\/12\/bienestar_logo_svk.png\",\"width\":800,\"height\":662,\"caption\":\"Poradensk\u00e9 centrum Bienestar\"},\"image\":{\"@id\":\"https:\/\/centrumbienestar.sk\/es\/#\/schema\/logo\/image\/\"},\"sameAs\":[\"https:\/\/www.facebook.com\/PoradenskeCentrumBienestar\"]}]}<\/script>\n<!-- \/ Yoast SEO plugin. -->","yoast_head_json":{"title":"Servicios - Centro de consejer\u00eda Bienestar","description":"Servicios","robots":{"index":"index","follow":"follow","max-snippet":"max-snippet:-1","max-image-preview":"max-image-preview:large","max-video-preview":"max-video-preview:-1"},"canonical":"https:\/\/centrumbienestar.sk\/es\/servicios\/","og_locale":"es_ES","og_type":"article","og_title":"Servicios - Centro de consejer\u00eda Bienestar","og_description":"Servicios","og_url":"https:\/\/centrumbienestar.sk\/es\/servicios\/","og_site_name":"Centro de consejer\u00eda Bienestar","article_publisher":"https:\/\/www.facebook.com\/PoradenskeCentrumBienestar","article_modified_time":"2020-02-17T02:48:32+00:00","twitter_misc":{"Tiempo de lectura":"4 minutos"},"schema":{"@context":"https:\/\/schema.org","@graph":[{"@type":"WebPage","@id":"https:\/\/centrumbienestar.sk\/es\/servicios\/","url":"https:\/\/centrumbienestar.sk\/es\/servicios\/","name":"Servicios - Centro de consejer\u00eda Bienestar","isPartOf":{"@id":"https:\/\/centrumbienestar.sk\/es\/#website"},"datePublished":"2020-02-17T02:10:07+00:00","dateModified":"2020-02-17T02:48:32+00:00","description":"Servicios","breadcrumb":{"@id":"https:\/\/centrumbienestar.sk\/es\/servicios\/#breadcrumb"},"inLanguage":"es","potentialAction":[{"@type":"ReadAction","target":["https:\/\/centrumbienestar.sk\/es\/servicios\/"]}]},{"@type":"BreadcrumbList","@id":"https:\/\/centrumbienestar.sk\/es\/servicios\/#breadcrumb","itemListElement":[{"@type":"ListItem","position":1,"name":"Home","item":"https:\/\/centrumbienestar.sk\/es\/"},{"@type":"ListItem","position":2,"name":"Servicios"}]},{"@type":"WebSite","@id":"https:\/\/centrumbienestar.sk\/es\/#website","url":"https:\/\/centrumbienestar.sk\/es\/","name":"Centro de consejer\u00eda Bienestar","description":"Gracias a muchos a\u00f1os de experiencia, te ayudaremos a resolver tus problemas en la forma m\u00e1s profesional y efectiva. Adem\u00e1s, conectamos nuestra experiencia con novedades.","publisher":{"@id":"https:\/\/centrumbienestar.sk\/es\/#organization"},"potentialAction":[{"@type":"SearchAction","target":{"@type":"EntryPoint","urlTemplate":"https:\/\/centrumbienestar.sk\/es\/?s={search_term_string}"},"query-input":{"@type":"PropertyValueSpecification","valueRequired":true,"valueName":"search_term_string"}}],"inLanguage":"es"},{"@type":"Organization","@id":"https:\/\/centrumbienestar.sk\/es\/#organization","name":"Poradensk\u00e9 centrum Bienestar","url":"https:\/\/centrumbienestar.sk\/es\/","logo":{"@type":"ImageObject","inLanguage":"es","@id":"https:\/\/centrumbienestar.sk\/es\/#\/schema\/logo\/image\/","url":"https:\/\/centrumbienestar.sk\/wp-content\/uploads\/2019\/12\/bienestar_logo_svk.png","contentUrl":"https:\/\/centrumbienestar.sk\/wp-content\/uploads\/2019\/12\/bienestar_logo_svk.png","width":800,"height":662,"caption":"Poradensk\u00e9 centrum Bienestar"},"image":{"@id":"https:\/\/centrumbienestar.sk\/es\/#\/schema\/logo\/image\/"},"sameAs":["https:\/\/www.facebook.com\/PoradenskeCentrumBienestar"]}]}},"_links":{"self":[{"href":"https:\/\/centrumbienestar.sk\/es\/wp-json\/wp\/v2\/pages\/1587","targetHints":{"allow":["GET"]}}],"collection":[{"href":"https:\/\/centrumbienestar.sk\/es\/wp-json\/wp\/v2\/pages"}],"about":[{"href":"https:\/\/centrumbienestar.sk\/es\/wp-json\/wp\/v2\/types\/page"}],"author":[{"embeddable":true,"href":"https:\/\/centrumbienestar.sk\/es\/wp-json\/wp\/v2\/users\/1"}],"replies":[{"embeddable":true,"href":"https:\/\/centrumbienestar.sk\/es\/wp-json\/wp\/v2\/comments?post=1587"}],"version-history":[{"count":5,"href":"https:\/\/centrumbienestar.sk\/es\/wp-json\/wp\/v2\/pages\/1587\/revisions"}],"predecessor-version":[{"id":1632,"href":"https:\/\/centrumbienestar.sk\/es\/wp-json\/wp\/v2\/pages\/1587\/revisions\/1632"}],"wp:attachment":[{"href":"https:\/\/centrumbienestar.sk\/es\/wp-json\/wp\/v2\/media?parent=1587"}],"curies":[{"name":"wp","href":"https:\/\/api.w.org\/{rel}","templated":true}]}}