{"id":1586,"date":"2020-02-17T03:09:31","date_gmt":"2020-02-17T02:09:31","guid":{"rendered":"https:\/\/centrumbienestar.sk\/?page_id=1586"},"modified":"2020-02-25T00:27:59","modified_gmt":"2020-02-24T23:27:59","slug":"sobre-nosotros","status":"publish","type":"page","link":"https:\/\/centrumbienestar.sk\/es\/sobre-nosotros\/","title":{"rendered":"Sobre nosotros"},"content":{"rendered":"[vc_row css=\u00bb.vc_custom_1577422696048{background-color: #ffffff !important;}\u00bb][vc_column width=\u00bb1\/4&#8243;][\/vc_column][vc_column width=\u00bb1\/2&#8243;][gt3_custom_text text_color=\u00bb#0099db\u00bb font_size=\u00bb32&#8243;]\n<p style=\"text-align: center;\"><span><strong>Bienestar<\/strong> \u2014 Cuidado de alta calidad de tu bienestar mental<\/span><\/p>\n[\/gt3_custom_text][gt3_spacing height=\u00bb32px\u00bb][gt3_custom_text text_color=\u00bb#5c656d\u00bb font_size=\u00bb20&#8243;]\n<p style=\"text-align: center;\"><span>El centro Bienestar es conducido <strong>por Anna Balgov\u00e1<\/strong>, psicoterapeuta y especialista en el cuidado de la salud mental con m\u00e1s de 10 a\u00f1os de experiencia.<\/span><\/p>\n[\/gt3_custom_text][gt3_spacing height=\u00bb32px\u00bb][gt3_custom_text text_color=\u00bb#5c656d\u00bb font_size=\u00bb20&#8243;]\n<p style=\"text-align: center;\"><strong>El centro ofrece consejer\u00eda que cubre todos los tipos de cuidado mental.<\/strong><\/p>\n<p style=\"text-align: center;\"><strong>\u00a0<\/strong><\/p>\n[\/gt3_custom_text][gt3_spacing height=\u00bb32px\u00bb][gt3_custom_text text_color=\u00bb#5c656d\u00bb font_size=\u00bb16&#8243;]\n<ul>\n<li>Si necesitas identificar y resolver tus problemas personales, <strong>la consejer\u00eda individual<\/strong> est\u00e1 a tu disposici\u00f3n.<\/li>\n<li>Si quieres mantener tu relaci\u00f3n o mejorarla, te ofrecemos <strong>la consejer\u00eda de pareja.<\/strong><\/li>\n<li>Asimismo, y como primero, te ofrecemos el \u00fanico programa llamado <strong>Mental Zero Waste<\/strong>, el cual te ayudar\u00e1 a hacer frente a las dificultades de la vida moderna.<\/li>\n<\/ul>\n[\/gt3_custom_text][\/vc_column][vc_column width=\u00bb1\/4&#8243;][\/vc_column][\/vc_row][vc_row][vc_column][gt3_spacing height=\u00bb64px\u00bb][\/vc_column][\/vc_row][vc_row][vc_column width=\u00bb1\/2&#8243;][gt3_button button_title=\u00bbHaz una cita\u00bb button_alignment=\u00bbcenter\u00bb link=\u00bburl:https%3A%2F%2Fcentrumbienestar.sk%2Fes%2Fcontacto%2F|title:Contacto||\u00bb item_el_class=\u00bbcustom-button\u00bb][\/vc_column][vc_column width=\u00bb1\/2&#8243;][gt3_button button_title=\u00bbAprende m\u00e1s sobre Mental Zero Waste\u00bb button_alignment=\u00bbcenter\u00bb link=\u00bburl:https%3A%2F%2Fcentrumbienestar.sk%2Fes%2Fservicios%2Fmental-zero-waste%2F|title:Kontakt||\u00bb item_el_class=\u00bbcustom-button\u00bb][\/vc_column][\/vc_row][vc_row][vc_column][gt3_spacing height=\u00bb32px\u00bb][vc_separator][\/vc_column][\/vc_row][vc_row][vc_column width=\u00bb1\/2&#8243;][gt3_image_box thumbnail=\u00bb1471&#8243; image_position=\u00bbtop\u00bb title_tag=\u00bbh2&#8243; title_color=\u00bb#42474c\u00bb text_color=\u00bb#5c656d\u00bb link_color=\u00bb#4eaac8&#8243; link_hover_color=\u00bb#42474c\u00bb new_tab=\u00bb\u00bb][\/vc_column][vc_column width=\u00bb1\/2&#8243;][gt3_custom_text text_color=\u00bb#0095e0&#8243; font_size=\u00bb26&#8243;]<span>PhDr. Anna Balgov\u00e1\u00a0<\/span>[\/gt3_custom_text][gt3_spacing height=\u00bb16px\u00bb][gt3_icon_box icon_type=\u00bbimage\u00bb thumbnail=\u00bb1477&#8243; icon_position=\u00bbleft\u00bb icon_size=\u00bbregular\u00bb title_tag=\u00bbh3&#8243; title_color=\u00bb#42474c\u00bb text_color=\u00bb#5c656d\u00bb link_color=\u00bb#0077b7&#8243; link_hover_color=\u00bb#42474c\u00bb new_tab=\u00bbtrue\u00bb icon_circle=\u00bb\u00bb icon_add_number=\u00bb\u00bb url=\u00bbhttps:\/\/www.linkedin.com\/in\/anna-balgov%C3%A1-60b16099\/\u00bb url_text=\u00bbLinked In Profil\u00bb][gt3_spacing height=\u00bb32px\u00bb][gt3_custom_text text_color=\u00bb#5c656d\u00bb font_size=\u00bb16&#8243;]<strong>MI FORMACI\u00d3N<\/strong><\/p>\n<p><strong>\u00a0<\/strong>[\/gt3_custom_text][gt3_spacing height=\u00bb16px\u00bb][gt3_custom_text text_color=\u00bb#5c656d\u00bb font_size=\u00bb16&#8243;]Me gradu\u00e9 en:<\/p>\n<ul>\n<li>maestr\u00eda en psicolog\u00eda en la Facultad de Filosof\u00eda de la Universidad de Pre\u0161ov,<\/li>\n<li>estudios certificados de psicoterapia para ni\u00f1os y adultos en el Instituto para la educaci\u00f3n en la Psicoterapia de Relajaci\u00f3n y S\u00edmbolo (terapia aut\u00f3gena) Ko\u0161ice.<\/li>\n<\/ul>\n<p class=\"Body\" style=\"text-align: justify;\"><span style=\"font-size: 12.0pt; line-height: 107%;\" lang=\"ES\">Actualmente:<\/span><\/p>\n<p class=\"Body\" style=\"text-align: justify;\"><span style=\"font-size: 12.0pt; line-height: 107%;\" lang=\"ES\">Ha estado finalizando la especializaci\u00f3n en Psicolog\u00eda Cl\u00ednica en La Universidad Comenius de Bratislava.<\/span><\/p>\n<ul>\n<li>Estoy registrada en La C\u00e1mara Eslovaca de Los Psic\u00f3logos,<\/li>\n<li>miembra de La Asociaci\u00f3n Eslovaco de Psicoterapia,<\/li>\n<li>registrada en la lista de psicoterapeutas,<\/li>\n<li>miembra de ISATAP (International Society of Autogenic Training and Psychotherapy).<\/li>\n<\/ul>\n<p class=\"Body\" style=\"text-align: justify;\"><strong><span style=\"font-size: 12.0pt; line-height: 107%;\" lang=\"ES\">Pueden hablar conmigo en eslovaco, ingl\u00e9s y espa\u00f1ol.<\/span><\/strong><\/p>\n<p class=\"kn8-about\"><strong>\u00a0<\/strong><\/p>\n[\/gt3_custom_text][gt3_spacing height=\u00bb32px\u00bb][gt3_custom_text text_color=\u00bb#5c656d\u00bb font_size=\u00bb16&#8243;]<strong>MI FILOSOF\u00cdA<\/strong>[\/gt3_custom_text][gt3_spacing height=\u00bb32px\u00bb][gt3_custom_text text_color=\u00bb#009bdd\u00bb font_size=\u00bb24&#8243;]<span>\u201cEl zapato que va bien a una persona es estrecho para otra: no hay receta de la vida que vaya bien para todos.\u201d<\/span>[\/gt3_custom_text][gt3_spacing height=\u00bb32px\u00bb][gt3_custom_text text_color=\u00bb#5c656d\u00bb font_size=\u00bb16&#8243;]\n<p class=\"kn8-about\">As\u00ed se podr\u00eda describir el enfoque jungiano en terapia, en la vida y tambi\u00e9n en el trabajo, cuyo denominador com\u00fan es la flexibilidad, la creatividad y la originalidad. Y en esto se refleja igualmente mi esfuerzo en c\u00f3mo abordar los problemas y\u00a0necesidades de cada cliente. \u00a0En mi trabajo aplico mi conocimiento profesional as\u00ed como las experiencias que he obtenido trabajando como psic\u00f3loga para ni\u00f1os y adultos en diferentes organizaciones no gubernamentales y centros de consejer\u00eda en Eslovaquia y en otros pa\u00edses. En el a\u00f1o 2012 inici\u00e9 mi propio concepto de centro de consejer\u00eda que ha funcionado en diferentes ciudades con el nombre Centro de consejer\u00eda Bienestar.<\/p>\n[\/gt3_custom_text][\/vc_column][\/vc_row][vc_row][vc_column][gt3_spacing height=\u00bb92px\u00bb][\/vc_column][\/vc_row]\n","protected":false},"excerpt":{"rendered":"<p>[vc_row css=\u00bb.vc_custom_1577422696048{background-color: #ffffff !important;}\u00bb][vc_column width=\u00bb1\/4&#8243;][\/vc_column][vc_column width=\u00bb1\/2&#8243;][gt3_custom_text text_color=\u00bb#0099db\u00bb font_size=\u00bb32&#8243;] Bienestar \u2014 Cuidado de alta calidad de tu bienestar mental [\/gt3_custom_text][gt3_spacing height=\u00bb32px\u00bb][gt3_custom_text text_color=\u00bb#5c656d\u00bb font_size=\u00bb20&#8243;] El centro Bienestar es conducido por Anna Balgov\u00e1, psicoterapeuta y especialista en el cuidado de la salud mental con m\u00e1s de 10 a\u00f1os de experiencia. [\/gt3_custom_text][gt3_spacing height=\u00bb32px\u00bb][gt3_custom_text text_color=\u00bb#5c656d\u00bb font_size=\u00bb20&#8243;] El centro ofrece consejer\u00eda [&hellip;]<\/p>\n","protected":false},"author":1,"featured_media":0,"parent":0,"menu_order":0,"comment_status":"closed","ping_status":"closed","template":"","meta":{"footnotes":""},"class_list":["post-1586","page","type-page","status-publish","hentry"],"yoast_head":"<!-- This site is optimized with the Yoast SEO plugin v23.8 - https:\/\/yoast.com\/wordpress\/plugins\/seo\/ -->\n<title>Sobre nosotros - Centro de consejer\u00eda Bienestar<\/title>\n<meta name=\"description\" content=\"Sobre nosotros\" \/>\n<meta name=\"robots\" content=\"index, follow, max-snippet:-1, max-image-preview:large, max-video-preview:-1\" \/>\n<link rel=\"canonical\" href=\"https:\/\/centrumbienestar.sk\/es\/sobre-nosotros\/\" \/>\n<meta property=\"og:locale\" content=\"es_ES\" \/>\n<meta property=\"og:type\" content=\"article\" \/>\n<meta property=\"og:title\" content=\"Sobre nosotros - Centro de consejer\u00eda Bienestar\" \/>\n<meta property=\"og:description\" content=\"Sobre nosotros\" \/>\n<meta property=\"og:url\" content=\"https:\/\/centrumbienestar.sk\/es\/sobre-nosotros\/\" \/>\n<meta property=\"og:site_name\" content=\"Centro de consejer\u00eda Bienestar\" \/>\n<meta property=\"article:publisher\" content=\"https:\/\/www.facebook.com\/PoradenskeCentrumBienestar\" \/>\n<meta property=\"article:modified_time\" content=\"2020-02-24T23:27:59+00:00\" \/>\n<meta name=\"twitter:label1\" content=\"Tiempo de lectura\" \/>\n\t<meta name=\"twitter:data1\" content=\"4 minutos\" \/>\n<script type=\"application\/ld+json\" class=\"yoast-schema-graph\">{\"@context\":\"https:\/\/schema.org\",\"@graph\":[{\"@type\":\"WebPage\",\"@id\":\"https:\/\/centrumbienestar.sk\/es\/sobre-nosotros\/\",\"url\":\"https:\/\/centrumbienestar.sk\/es\/sobre-nosotros\/\",\"name\":\"Sobre nosotros - Centro de consejer\u00eda Bienestar\",\"isPartOf\":{\"@id\":\"https:\/\/centrumbienestar.sk\/es\/#website\"},\"datePublished\":\"2020-02-17T02:09:31+00:00\",\"dateModified\":\"2020-02-24T23:27:59+00:00\",\"description\":\"Sobre nosotros\",\"breadcrumb\":{\"@id\":\"https:\/\/centrumbienestar.sk\/es\/sobre-nosotros\/#breadcrumb\"},\"inLanguage\":\"es\",\"potentialAction\":[{\"@type\":\"ReadAction\",\"target\":[\"https:\/\/centrumbienestar.sk\/es\/sobre-nosotros\/\"]}]},{\"@type\":\"BreadcrumbList\",\"@id\":\"https:\/\/centrumbienestar.sk\/es\/sobre-nosotros\/#breadcrumb\",\"itemListElement\":[{\"@type\":\"ListItem\",\"position\":1,\"name\":\"Home\",\"item\":\"https:\/\/centrumbienestar.sk\/es\/\"},{\"@type\":\"ListItem\",\"position\":2,\"name\":\"Sobre nosotros\"}]},{\"@type\":\"WebSite\",\"@id\":\"https:\/\/centrumbienestar.sk\/es\/#website\",\"url\":\"https:\/\/centrumbienestar.sk\/es\/\",\"name\":\"Centro de consejer\u00eda Bienestar\",\"description\":\"Gracias a muchos a\u00f1os de experiencia, te ayudaremos a resolver tus problemas en la forma m\u00e1s profesional y efectiva. Adem\u00e1s, conectamos nuestra experiencia con novedades.\",\"publisher\":{\"@id\":\"https:\/\/centrumbienestar.sk\/es\/#organization\"},\"potentialAction\":[{\"@type\":\"SearchAction\",\"target\":{\"@type\":\"EntryPoint\",\"urlTemplate\":\"https:\/\/centrumbienestar.sk\/es\/?s={search_term_string}\"},\"query-input\":{\"@type\":\"PropertyValueSpecification\",\"valueRequired\":true,\"valueName\":\"search_term_string\"}}],\"inLanguage\":\"es\"},{\"@type\":\"Organization\",\"@id\":\"https:\/\/centrumbienestar.sk\/es\/#organization\",\"name\":\"Poradensk\u00e9 centrum Bienestar\",\"url\":\"https:\/\/centrumbienestar.sk\/es\/\",\"logo\":{\"@type\":\"ImageObject\",\"inLanguage\":\"es\",\"@id\":\"https:\/\/centrumbienestar.sk\/es\/#\/schema\/logo\/image\/\",\"url\":\"https:\/\/centrumbienestar.sk\/wp-content\/uploads\/2019\/12\/bienestar_logo_svk.png\",\"contentUrl\":\"https:\/\/centrumbienestar.sk\/wp-content\/uploads\/2019\/12\/bienestar_logo_svk.png\",\"width\":800,\"height\":662,\"caption\":\"Poradensk\u00e9 centrum Bienestar\"},\"image\":{\"@id\":\"https:\/\/centrumbienestar.sk\/es\/#\/schema\/logo\/image\/\"},\"sameAs\":[\"https:\/\/www.facebook.com\/PoradenskeCentrumBienestar\"]}]}<\/script>\n<!-- \/ Yoast SEO plugin. -->","yoast_head_json":{"title":"Sobre nosotros - Centro de consejer\u00eda Bienestar","description":"Sobre nosotros","robots":{"index":"index","follow":"follow","max-snippet":"max-snippet:-1","max-image-preview":"max-image-preview:large","max-video-preview":"max-video-preview:-1"},"canonical":"https:\/\/centrumbienestar.sk\/es\/sobre-nosotros\/","og_locale":"es_ES","og_type":"article","og_title":"Sobre nosotros - Centro de consejer\u00eda Bienestar","og_description":"Sobre nosotros","og_url":"https:\/\/centrumbienestar.sk\/es\/sobre-nosotros\/","og_site_name":"Centro de consejer\u00eda Bienestar","article_publisher":"https:\/\/www.facebook.com\/PoradenskeCentrumBienestar","article_modified_time":"2020-02-24T23:27:59+00:00","twitter_misc":{"Tiempo de lectura":"4 minutos"},"schema":{"@context":"https:\/\/schema.org","@graph":[{"@type":"WebPage","@id":"https:\/\/centrumbienestar.sk\/es\/sobre-nosotros\/","url":"https:\/\/centrumbienestar.sk\/es\/sobre-nosotros\/","name":"Sobre nosotros - Centro de consejer\u00eda Bienestar","isPartOf":{"@id":"https:\/\/centrumbienestar.sk\/es\/#website"},"datePublished":"2020-02-17T02:09:31+00:00","dateModified":"2020-02-24T23:27:59+00:00","description":"Sobre nosotros","breadcrumb":{"@id":"https:\/\/centrumbienestar.sk\/es\/sobre-nosotros\/#breadcrumb"},"inLanguage":"es","potentialAction":[{"@type":"ReadAction","target":["https:\/\/centrumbienestar.sk\/es\/sobre-nosotros\/"]}]},{"@type":"BreadcrumbList","@id":"https:\/\/centrumbienestar.sk\/es\/sobre-nosotros\/#breadcrumb","itemListElement":[{"@type":"ListItem","position":1,"name":"Home","item":"https:\/\/centrumbienestar.sk\/es\/"},{"@type":"ListItem","position":2,"name":"Sobre nosotros"}]},{"@type":"WebSite","@id":"https:\/\/centrumbienestar.sk\/es\/#website","url":"https:\/\/centrumbienestar.sk\/es\/","name":"Centro de consejer\u00eda Bienestar","description":"Gracias a muchos a\u00f1os de experiencia, te ayudaremos a resolver tus problemas en la forma m\u00e1s profesional y efectiva. Adem\u00e1s, conectamos nuestra experiencia con novedades.","publisher":{"@id":"https:\/\/centrumbienestar.sk\/es\/#organization"},"potentialAction":[{"@type":"SearchAction","target":{"@type":"EntryPoint","urlTemplate":"https:\/\/centrumbienestar.sk\/es\/?s={search_term_string}"},"query-input":{"@type":"PropertyValueSpecification","valueRequired":true,"valueName":"search_term_string"}}],"inLanguage":"es"},{"@type":"Organization","@id":"https:\/\/centrumbienestar.sk\/es\/#organization","name":"Poradensk\u00e9 centrum Bienestar","url":"https:\/\/centrumbienestar.sk\/es\/","logo":{"@type":"ImageObject","inLanguage":"es","@id":"https:\/\/centrumbienestar.sk\/es\/#\/schema\/logo\/image\/","url":"https:\/\/centrumbienestar.sk\/wp-content\/uploads\/2019\/12\/bienestar_logo_svk.png","contentUrl":"https:\/\/centrumbienestar.sk\/wp-content\/uploads\/2019\/12\/bienestar_logo_svk.png","width":800,"height":662,"caption":"Poradensk\u00e9 centrum Bienestar"},"image":{"@id":"https:\/\/centrumbienestar.sk\/es\/#\/schema\/logo\/image\/"},"sameAs":["https:\/\/www.facebook.com\/PoradenskeCentrumBienestar"]}]}},"_links":{"self":[{"href":"https:\/\/centrumbienestar.sk\/es\/wp-json\/wp\/v2\/pages\/1586","targetHints":{"allow":["GET"]}}],"collection":[{"href":"https:\/\/centrumbienestar.sk\/es\/wp-json\/wp\/v2\/pages"}],"about":[{"href":"https:\/\/centrumbienestar.sk\/es\/wp-json\/wp\/v2\/types\/page"}],"author":[{"embeddable":true,"href":"https:\/\/centrumbienestar.sk\/es\/wp-json\/wp\/v2\/users\/1"}],"replies":[{"embeddable":true,"href":"https:\/\/centrumbienestar.sk\/es\/wp-json\/wp\/v2\/comments?post=1586"}],"version-history":[{"count":5,"href":"https:\/\/centrumbienestar.sk\/es\/wp-json\/wp\/v2\/pages\/1586\/revisions"}],"predecessor-version":[{"id":1627,"href":"https:\/\/centrumbienestar.sk\/es\/wp-json\/wp\/v2\/pages\/1586\/revisions\/1627"}],"wp:attachment":[{"href":"https:\/\/centrumbienestar.sk\/es\/wp-json\/wp\/v2\/media?parent=1586"}],"curies":[{"name":"wp","href":"https:\/\/api.w.org\/{rel}","templated":true}]}}