{"id":1585,"date":"2020-02-17T03:06:26","date_gmt":"2020-02-17T02:06:26","guid":{"rendered":"https:\/\/centrumbienestar.sk\/?page_id=1585"},"modified":"2020-02-17T03:45:03","modified_gmt":"2020-02-17T02:45:03","slug":"contacto","status":"publish","type":"page","link":"https:\/\/centrumbienestar.sk\/es\/contacto\/","title":{"rendered":"Contacto"},"content":{"rendered":"[vc_row][vc_column width=\u00bb1\/3&#8243;][\/vc_column][vc_column width=\u00bb1\/3&#8243;][gt3_custom_text text_color=\u00bb#42474c\u00bb font_size=\u00bb36&#8243; line_height=\u00bb165&#8243; use_theme_fonts=\u00bb\u00bb google_fonts_text=\u00bbfont_family:Lato%3A100%2C100italic%2C300%2C300italic%2Cregular%2Citalic%2C700%2C700italic%2C900%2C900italic|font_style:300%20light%20regular%3A300%3Anormal\u00bb]\n<p style=\"text-align: center;\"><strong>Como contactar con nosotros?<\/strong><span style=\"font-weight: 600;\" class=\"gt3_font-weight\"><\/span><\/p>\n[\/gt3_custom_text][gt3_spacing height=\u00bb28px\u00bb][gt3_custom_text text_color=\u00bb#5c656d\u00bb font_size=\u00bb22&#8243; use_theme_fonts=\u00bb\u00bb google_fonts_text=\u00bbfont_family:Lato%3A100%2C100italic%2C300%2C300italic%2Cregular%2Citalic%2C700%2C700italic%2C900%2C900italic|font_style:400%20regular%3A400%3Anormal\u00bb responsive_font=\u00bbtrue\u00bb font_size_mobile=\u00bb17&#8243;]\n<p style=\"text-align: center;\"><i class=\"fa fa-envelope\" style=\"margin-right: 18px; color: #4eaac8;\"><\/i><a href=\"mailto:centrum.bienestar@gmail.com\" style=\"text-decoration: none;\">centrum.bienestar@gmail.com<\/a><\/p>\n[\/gt3_custom_text][gt3_spacing height=\u00bb28px\u00bb][gt3_custom_text text_color=\u00bb#4eaac8&#8243; font_size=\u00bb30&#8243; responsive_font=\u00bbtrue\u00bb font_size_mobile=\u00bb24&#8243;]\n<p style=\"text-align: center;\"><i class=\"fa fa-phone\" style=\"margin-right: 18px; color: #4eaac8;\"><\/i><a href=\"tel:0908969219\" style=\"text-decoration: none;\"><strong>0908 969 219<\/strong><\/a><\/p>\n[\/gt3_custom_text][gt3_spacing height=\u00bb70px\u00bb][\/vc_column][vc_column width=\u00bb1\/3&#8243;][\/vc_column][\/vc_row][vc_row css=\u00bb.vc_custom_1576726750211{padding-top: 25px !important;padding-bottom: 50px !important;}\u00bb][vc_column width=\u00bb1\/2&#8243;][gt3_custom_text text_color=\u00bb#5c656d\u00bb font_size=\u00bb22&#8243; line_height=\u00bb165&#8243; use_theme_fonts=\u00bb\u00bb google_fonts_text=\u00bbfont_family:Lato%3A100%2C100italic%2C300%2C300italic%2Cregular%2Citalic%2C700%2C700italic%2C900%2C900italic|font_style:400%20regular%3A400%3Anormal\u00bb responsive_font=\u00bbtrue\u00bb font_size_mobile=\u00bb17&#8243;]\n<p style=\"text-align: center;\"><i class=\"fa fa-map-marker\" style=\"margin-right: 18px; color: #4eaac8;\"><\/i>Tolst\u00e9ho 9, Bratislava<\/p>\n[\/gt3_custom_text][gt3_spacing height=\u00bb28px\u00bb][vc_single_image image=\u00bb1352&#8243; img_size=\u00bbfull\u00bb style=\u00bbvc_box_rounded\u00bb onclick=\u00bbcustom_link\u00bb link=\u00bbhttps:\/\/goo.gl\/maps\/yLhRQ4Fc6GNJiEQaA\u00bb][gt3_spacing height=\u00bb28px\u00bb][gt3_button button_title=\u00bbMostrar mapa\u00bb button_alignment=\u00bbcenter\u00bb link=\u00bburl:https%3A%2F%2Fgoo.gl%2Fmaps%2FyLhRQ4Fc6GNJiEQaA||target:%20_blank|rel:nofollow\u00bb item_el_class=\u00bbcustom-button\u00bb][gt3_spacing height=\u00bb64px\u00bb][\/vc_column][vc_column width=\u00bb1\/2&#8243;][gt3_custom_text text_color=\u00bb#5c656d\u00bb font_size=\u00bb22&#8243; line_height=\u00bb165&#8243; use_theme_fonts=\u00bb\u00bb google_fonts_text=\u00bbfont_family:Lato%3A100%2C100italic%2C300%2C300italic%2Cregular%2Citalic%2C700%2C700italic%2C900%2C900italic|font_style:400%20regular%3A400%3Anormal\u00bb responsive_font=\u00bbtrue\u00bb font_size_mobile=\u00bb17&#8243;]\n<p style=\"text-align: center;\"><i class=\"fa fa-map-marker\" style=\"margin-right: 18px; color: #4eaac8;\"><\/i>Nemocni\u010dn\u00e1 757, Ve\u013ek\u00fd Krt\u00ed\u0161<\/p>\n[\/gt3_custom_text][gt3_spacing height=\u00bb28px\u00bb][vc_single_image image=\u00bb1349&#8243; img_size=\u00bbfull\u00bb style=\u00bbvc_box_rounded\u00bb onclick=\u00bbcustom_link\u00bb link=\u00bbhttps:\/\/goo.gl\/maps\/aFf7qqYRgswZ4VZF9&#8243;][gt3_spacing height=\u00bb28px\u00bb][gt3_button button_title=\u00bbMostrar mapa\u00bb button_alignment=\u00bbcenter\u00bb link=\u00bburl:https%3A%2F%2Fgoo.gl%2Fmaps%2FaFf7qqYRgswZ4VZF9||target:%20_blank|rel:nofollow\u00bb item_el_class=\u00bbcustom-button\u00bb][gt3_spacing height=\u00bb64px\u00bb][\/vc_column][\/vc_row][vc_row][vc_column width=\u00bb1\/3&#8243;][\/vc_column][vc_column width=\u00bb1\/3&#8243;][gt3_custom_text text_color=\u00bb#42474c\u00bb font_size=\u00bb36&#8243; line_height=\u00bb165&#8243; use_theme_fonts=\u00bb\u00bb google_fonts_text=\u00bbfont_family:Lato%3A100%2C100italic%2C300%2C300italic%2Cregular%2Citalic%2C700%2C700italic%2C900%2C900italic|font_style:300%20light%20regular%3A300%3Anormal\u00bb]\n<p style=\"text-align: center;\"><strong>Formulario de contacto<\/strong><span style=\"font-weight: 600;\" class=\"gt3_font-weight\"><\/span><\/p>\n[\/gt3_custom_text][gt3_spacing height=\u00bb28px\u00bb]\n<div class=\"wpcf7 no-js\" id=\"wpcf7-f1554-o1\" lang=\"sk-SK\" dir=\"ltr\" data-wpcf7-id=\"1554\">\n<div class=\"screen-reader-response\"><p role=\"status\" aria-live=\"polite\" aria-atomic=\"true\"><\/p> <ul><\/ul><\/div>\n<form action=\"\/es\/wp-json\/wp\/v2\/pages\/1585#wpcf7-f1554-o1\" method=\"post\" class=\"wpcf7-form init\" aria-label=\"Kontaktn\u00fd formul\u00e1r\" novalidate=\"novalidate\" data-status=\"init\">\n<div style=\"display: none;\">\n<input type=\"hidden\" name=\"_wpcf7\" value=\"1554\" \/>\n<input type=\"hidden\" name=\"_wpcf7_version\" value=\"6.0\" \/>\n<input type=\"hidden\" name=\"_wpcf7_locale\" value=\"sk_SK\" \/>\n<input type=\"hidden\" name=\"_wpcf7_unit_tag\" value=\"wpcf7-f1554-o1\" \/>\n<input type=\"hidden\" name=\"_wpcf7_container_post\" value=\"0\" \/>\n<input type=\"hidden\" name=\"_wpcf7_posted_data_hash\" value=\"\" \/>\n<input type=\"hidden\" name=\"_wpcf7_recaptcha_response\" value=\"\" \/>\n<\/div>\n<p><label> Tu nombre (necesario)<br \/>\n<span class=\"wpcf7-form-control-wrap\" data-name=\"your-name\"><input size=\"40\" maxlength=\"400\" class=\"wpcf7-form-control wpcf7-text wpcf7-validates-as-required\" aria-required=\"true\" aria-invalid=\"false\" value=\"\" type=\"text\" name=\"your-name\" \/><\/span> <\/label>\n<\/p>\n<p><label> Your E-mail (necesario)<br \/>\n<span class=\"wpcf7-form-control-wrap\" data-name=\"your-email\"><input size=\"40\" maxlength=\"400\" class=\"wpcf7-form-control wpcf7-email wpcf7-validates-as-required wpcf7-text wpcf7-validates-as-email\" aria-required=\"true\" aria-invalid=\"false\" value=\"\" type=\"email\" name=\"your-email\" \/><\/span> <\/label>\n<\/p>\n<p><label> N\u00famero de tel\u00e9fono<br \/>\n<span class=\"wpcf7-form-control-wrap\" data-name=\"your-phone\"><input size=\"40\" maxlength=\"400\" class=\"wpcf7-form-control wpcf7-text\" aria-invalid=\"false\" value=\"\" type=\"text\" name=\"your-phone\" \/><\/span> <\/label>\n<\/p>\n<p><label> Mensaje<br \/>\n<span class=\"wpcf7-form-control-wrap\" data-name=\"your-message\"><textarea cols=\"40\" rows=\"10\" maxlength=\"2000\" class=\"wpcf7-form-control wpcf7-textarea\" aria-invalid=\"false\" name=\"your-message\"><\/textarea><\/span> <\/label>\n<\/p>\n<p><input class=\"wpcf7-form-control wpcf7-submit has-spinner\" type=\"submit\" value=\"Enviar\" \/>\n<\/p><div class=\"wpcf7-response-output\" aria-hidden=\"true\"><\/div>\n<\/form>\n<\/div>\n[gt3_spacing height=\u00bb70px\u00bb][\/vc_column][vc_column width=\u00bb1\/3&#8243;][\/vc_column][\/vc_row]\n","protected":false},"excerpt":{"rendered":"<p>[vc_row][vc_column width=\u00bb1\/3&#8243;][\/vc_column][vc_column width=\u00bb1\/3&#8243;][gt3_custom_text text_color=\u00bb#42474c\u00bb font_size=\u00bb36&#8243; line_height=\u00bb165&#8243; use_theme_fonts=\u00bb\u00bb google_fonts_text=\u00bbfont_family:Lato%3A100%2C100italic%2C300%2C300italic%2Cregular%2Citalic%2C700%2C700italic%2C900%2C900italic|font_style:300%20light%20regular%3A300%3Anormal\u00bb] Como contactar con nosotros? [\/gt3_custom_text][gt3_spacing height=\u00bb28px\u00bb][gt3_custom_text text_color=\u00bb#5c656d\u00bb font_size=\u00bb22&#8243; use_theme_fonts=\u00bb\u00bb google_fonts_text=\u00bbfont_family:Lato%3A100%2C100italic%2C300%2C300italic%2Cregular%2Citalic%2C700%2C700italic%2C900%2C900italic|font_style:400%20regular%3A400%3Anormal\u00bb responsive_font=\u00bbtrue\u00bb font_size_mobile=\u00bb17&#8243;] centrum.bienestar@gmail.com [\/gt3_custom_text][gt3_spacing height=\u00bb28px\u00bb][gt3_custom_text text_color=\u00bb#4eaac8&#8243; font_size=\u00bb30&#8243; responsive_font=\u00bbtrue\u00bb font_size_mobile=\u00bb24&#8243;] 0908 969 219 [\/gt3_custom_text][gt3_spacing height=\u00bb70px\u00bb][\/vc_column][vc_column width=\u00bb1\/3&#8243;][\/vc_column][\/vc_row][vc_row css=\u00bb.vc_custom_1576726750211{padding-top: 25px !important;padding-bottom: 50px !important;}\u00bb][vc_column width=\u00bb1\/2&#8243;][gt3_custom_text text_color=\u00bb#5c656d\u00bb font_size=\u00bb22&#8243; line_height=\u00bb165&#8243; use_theme_fonts=\u00bb\u00bb google_fonts_text=\u00bbfont_family:Lato%3A100%2C100italic%2C300%2C300italic%2Cregular%2Citalic%2C700%2C700italic%2C900%2C900italic|font_style:400%20regular%3A400%3Anormal\u00bb responsive_font=\u00bbtrue\u00bb font_size_mobile=\u00bb17&#8243;] Tolst\u00e9ho 9, Bratislava [\/gt3_custom_text][gt3_spacing height=\u00bb28px\u00bb][vc_single_image image=\u00bb1352&#8243; img_size=\u00bbfull\u00bb style=\u00bbvc_box_rounded\u00bb onclick=\u00bbcustom_link\u00bb [&hellip;]<\/p>\n","protected":false},"author":1,"featured_media":0,"parent":0,"menu_order":0,"comment_status":"closed","ping_status":"closed","template":"","meta":{"footnotes":""},"class_list":["post-1585","page","type-page","status-publish","hentry"],"yoast_head":"<!-- This site is optimized with the Yoast SEO plugin v23.8 - https:\/\/yoast.com\/wordpress\/plugins\/seo\/ -->\n<title>Contacto - Centro de consejer\u00eda Bienestar<\/title>\n<meta name=\"description\" content=\"Contacto\" \/>\n<meta name=\"robots\" content=\"index, follow, max-snippet:-1, max-image-preview:large, max-video-preview:-1\" \/>\n<link rel=\"canonical\" href=\"https:\/\/centrumbienestar.sk\/es\/contacto\/\" \/>\n<meta property=\"og:locale\" content=\"es_ES\" \/>\n<meta property=\"og:type\" content=\"article\" \/>\n<meta property=\"og:title\" content=\"Contacto - Centro de consejer\u00eda Bienestar\" \/>\n<meta property=\"og:description\" content=\"Contacto\" \/>\n<meta property=\"og:url\" content=\"https:\/\/centrumbienestar.sk\/es\/contacto\/\" \/>\n<meta property=\"og:site_name\" content=\"Centro de consejer\u00eda Bienestar\" \/>\n<meta property=\"article:publisher\" content=\"https:\/\/www.facebook.com\/PoradenskeCentrumBienestar\" \/>\n<meta property=\"article:modified_time\" content=\"2020-02-17T02:45:03+00:00\" \/>\n<meta name=\"twitter:label1\" content=\"Tiempo de lectura\" \/>\n\t<meta name=\"twitter:data1\" content=\"2 minutos\" \/>\n<script type=\"application\/ld+json\" class=\"yoast-schema-graph\">{\"@context\":\"https:\/\/schema.org\",\"@graph\":[{\"@type\":\"WebPage\",\"@id\":\"https:\/\/centrumbienestar.sk\/es\/contacto\/\",\"url\":\"https:\/\/centrumbienestar.sk\/es\/contacto\/\",\"name\":\"Contacto - Centro de consejer\u00eda Bienestar\",\"isPartOf\":{\"@id\":\"https:\/\/centrumbienestar.sk\/es\/#website\"},\"datePublished\":\"2020-02-17T02:06:26+00:00\",\"dateModified\":\"2020-02-17T02:45:03+00:00\",\"description\":\"Contacto\",\"breadcrumb\":{\"@id\":\"https:\/\/centrumbienestar.sk\/es\/contacto\/#breadcrumb\"},\"inLanguage\":\"es\",\"potentialAction\":[{\"@type\":\"ReadAction\",\"target\":[\"https:\/\/centrumbienestar.sk\/es\/contacto\/\"]}]},{\"@type\":\"BreadcrumbList\",\"@id\":\"https:\/\/centrumbienestar.sk\/es\/contacto\/#breadcrumb\",\"itemListElement\":[{\"@type\":\"ListItem\",\"position\":1,\"name\":\"Home\",\"item\":\"https:\/\/centrumbienestar.sk\/es\/\"},{\"@type\":\"ListItem\",\"position\":2,\"name\":\"Contacto\"}]},{\"@type\":\"WebSite\",\"@id\":\"https:\/\/centrumbienestar.sk\/es\/#website\",\"url\":\"https:\/\/centrumbienestar.sk\/es\/\",\"name\":\"Centro de consejer\u00eda Bienestar\",\"description\":\"Gracias a muchos a\u00f1os de experiencia, te ayudaremos a resolver tus problemas en la forma m\u00e1s profesional y efectiva. Adem\u00e1s, conectamos nuestra experiencia con novedades.\",\"publisher\":{\"@id\":\"https:\/\/centrumbienestar.sk\/es\/#organization\"},\"potentialAction\":[{\"@type\":\"SearchAction\",\"target\":{\"@type\":\"EntryPoint\",\"urlTemplate\":\"https:\/\/centrumbienestar.sk\/es\/?s={search_term_string}\"},\"query-input\":{\"@type\":\"PropertyValueSpecification\",\"valueRequired\":true,\"valueName\":\"search_term_string\"}}],\"inLanguage\":\"es\"},{\"@type\":\"Organization\",\"@id\":\"https:\/\/centrumbienestar.sk\/es\/#organization\",\"name\":\"Poradensk\u00e9 centrum Bienestar\",\"url\":\"https:\/\/centrumbienestar.sk\/es\/\",\"logo\":{\"@type\":\"ImageObject\",\"inLanguage\":\"es\",\"@id\":\"https:\/\/centrumbienestar.sk\/es\/#\/schema\/logo\/image\/\",\"url\":\"https:\/\/centrumbienestar.sk\/wp-content\/uploads\/2019\/12\/bienestar_logo_svk.png\",\"contentUrl\":\"https:\/\/centrumbienestar.sk\/wp-content\/uploads\/2019\/12\/bienestar_logo_svk.png\",\"width\":800,\"height\":662,\"caption\":\"Poradensk\u00e9 centrum Bienestar\"},\"image\":{\"@id\":\"https:\/\/centrumbienestar.sk\/es\/#\/schema\/logo\/image\/\"},\"sameAs\":[\"https:\/\/www.facebook.com\/PoradenskeCentrumBienestar\"]}]}<\/script>\n<!-- \/ Yoast SEO plugin. -->","yoast_head_json":{"title":"Contacto - Centro de consejer\u00eda Bienestar","description":"Contacto","robots":{"index":"index","follow":"follow","max-snippet":"max-snippet:-1","max-image-preview":"max-image-preview:large","max-video-preview":"max-video-preview:-1"},"canonical":"https:\/\/centrumbienestar.sk\/es\/contacto\/","og_locale":"es_ES","og_type":"article","og_title":"Contacto - Centro de consejer\u00eda Bienestar","og_description":"Contacto","og_url":"https:\/\/centrumbienestar.sk\/es\/contacto\/","og_site_name":"Centro de consejer\u00eda Bienestar","article_publisher":"https:\/\/www.facebook.com\/PoradenskeCentrumBienestar","article_modified_time":"2020-02-17T02:45:03+00:00","twitter_misc":{"Tiempo de lectura":"2 minutos"},"schema":{"@context":"https:\/\/schema.org","@graph":[{"@type":"WebPage","@id":"https:\/\/centrumbienestar.sk\/es\/contacto\/","url":"https:\/\/centrumbienestar.sk\/es\/contacto\/","name":"Contacto - Centro de consejer\u00eda Bienestar","isPartOf":{"@id":"https:\/\/centrumbienestar.sk\/es\/#website"},"datePublished":"2020-02-17T02:06:26+00:00","dateModified":"2020-02-17T02:45:03+00:00","description":"Contacto","breadcrumb":{"@id":"https:\/\/centrumbienestar.sk\/es\/contacto\/#breadcrumb"},"inLanguage":"es","potentialAction":[{"@type":"ReadAction","target":["https:\/\/centrumbienestar.sk\/es\/contacto\/"]}]},{"@type":"BreadcrumbList","@id":"https:\/\/centrumbienestar.sk\/es\/contacto\/#breadcrumb","itemListElement":[{"@type":"ListItem","position":1,"name":"Home","item":"https:\/\/centrumbienestar.sk\/es\/"},{"@type":"ListItem","position":2,"name":"Contacto"}]},{"@type":"WebSite","@id":"https:\/\/centrumbienestar.sk\/es\/#website","url":"https:\/\/centrumbienestar.sk\/es\/","name":"Centro de consejer\u00eda Bienestar","description":"Gracias a muchos a\u00f1os de experiencia, te ayudaremos a resolver tus problemas en la forma m\u00e1s profesional y efectiva. Adem\u00e1s, conectamos nuestra experiencia con novedades.","publisher":{"@id":"https:\/\/centrumbienestar.sk\/es\/#organization"},"potentialAction":[{"@type":"SearchAction","target":{"@type":"EntryPoint","urlTemplate":"https:\/\/centrumbienestar.sk\/es\/?s={search_term_string}"},"query-input":{"@type":"PropertyValueSpecification","valueRequired":true,"valueName":"search_term_string"}}],"inLanguage":"es"},{"@type":"Organization","@id":"https:\/\/centrumbienestar.sk\/es\/#organization","name":"Poradensk\u00e9 centrum Bienestar","url":"https:\/\/centrumbienestar.sk\/es\/","logo":{"@type":"ImageObject","inLanguage":"es","@id":"https:\/\/centrumbienestar.sk\/es\/#\/schema\/logo\/image\/","url":"https:\/\/centrumbienestar.sk\/wp-content\/uploads\/2019\/12\/bienestar_logo_svk.png","contentUrl":"https:\/\/centrumbienestar.sk\/wp-content\/uploads\/2019\/12\/bienestar_logo_svk.png","width":800,"height":662,"caption":"Poradensk\u00e9 centrum Bienestar"},"image":{"@id":"https:\/\/centrumbienestar.sk\/es\/#\/schema\/logo\/image\/"},"sameAs":["https:\/\/www.facebook.com\/PoradenskeCentrumBienestar"]}]}},"_links":{"self":[{"href":"https:\/\/centrumbienestar.sk\/es\/wp-json\/wp\/v2\/pages\/1585","targetHints":{"allow":["GET"]}}],"collection":[{"href":"https:\/\/centrumbienestar.sk\/es\/wp-json\/wp\/v2\/pages"}],"about":[{"href":"https:\/\/centrumbienestar.sk\/es\/wp-json\/wp\/v2\/types\/page"}],"author":[{"embeddable":true,"href":"https:\/\/centrumbienestar.sk\/es\/wp-json\/wp\/v2\/users\/1"}],"replies":[{"embeddable":true,"href":"https:\/\/centrumbienestar.sk\/es\/wp-json\/wp\/v2\/comments?post=1585"}],"version-history":[{"count":4,"href":"https:\/\/centrumbienestar.sk\/es\/wp-json\/wp\/v2\/pages\/1585\/revisions"}],"predecessor-version":[{"id":1630,"href":"https:\/\/centrumbienestar.sk\/es\/wp-json\/wp\/v2\/pages\/1585\/revisions\/1630"}],"wp:attachment":[{"href":"https:\/\/centrumbienestar.sk\/es\/wp-json\/wp\/v2\/media?parent=1585"}],"curies":[{"name":"wp","href":"https:\/\/api.w.org\/{rel}","templated":true}]}}