{"id":1581,"date":"2020-02-17T02:55:13","date_gmt":"2020-02-17T01:55:13","guid":{"rendered":"https:\/\/centrumbienestar.sk\/?page_id=1581"},"modified":"2020-02-17T02:55:13","modified_gmt":"2020-02-17T01:55:13","slug":"blog","status":"publish","type":"page","link":"https:\/\/centrumbienestar.sk\/es\/blog\/","title":{"rendered":"Blog"},"content":{"rendered":"[vc_row][vc_column][gt3_blog meta_author=\u00bb\u00bb meta_comments=\u00bb\u00bb meta_categories=\u00bb\u00bb meta_date=\u00bb\u00bb][\/vc_column][\/vc_row]\n","protected":false},"excerpt":{"rendered":"<p>[vc_row][vc_column][gt3_blog meta_author=\u00bb\u00bb meta_comments=\u00bb\u00bb meta_categories=\u00bb\u00bb meta_date=\u00bb\u00bb][\/vc_column][\/vc_row]<\/p>\n","protected":false},"author":1,"featured_media":0,"parent":0,"menu_order":0,"comment_status":"closed","ping_status":"closed","template":"","meta":{"footnotes":""},"class_list":["post-1581","page","type-page","status-publish","hentry"],"yoast_head":"<!-- This site is optimized with the Yoast SEO plugin v23.8 - https:\/\/yoast.com\/wordpress\/plugins\/seo\/ -->\n<title>Blog - Centro de consejer\u00eda Bienestar<\/title>\n<meta name=\"description\" content=\"Blog\" \/>\n<meta name=\"robots\" content=\"index, follow, max-snippet:-1, max-image-preview:large, max-video-preview:-1\" \/>\n<link rel=\"canonical\" href=\"https:\/\/centrumbienestar.sk\/es\/blog\/\" \/>\n<meta property=\"og:locale\" content=\"es_ES\" \/>\n<meta property=\"og:type\" content=\"article\" \/>\n<meta property=\"og:title\" content=\"Blog - Centro de consejer\u00eda Bienestar\" \/>\n<meta property=\"og:description\" content=\"Blog\" \/>\n<meta property=\"og:url\" content=\"https:\/\/centrumbienestar.sk\/es\/blog\/\" \/>\n<meta property=\"og:site_name\" content=\"Centro de consejer\u00eda Bienestar\" \/>\n<meta property=\"article:publisher\" content=\"https:\/\/www.facebook.com\/PoradenskeCentrumBienestar\" \/>\n<script type=\"application\/ld+json\" class=\"yoast-schema-graph\">{\"@context\":\"https:\/\/schema.org\",\"@graph\":[{\"@type\":\"WebPage\",\"@id\":\"https:\/\/centrumbienestar.sk\/es\/blog\/\",\"url\":\"https:\/\/centrumbienestar.sk\/es\/blog\/\",\"name\":\"Blog - Centro de consejer\u00eda Bienestar\",\"isPartOf\":{\"@id\":\"https:\/\/centrumbienestar.sk\/es\/#website\"},\"datePublished\":\"2020-02-17T01:55:13+00:00\",\"dateModified\":\"2020-02-17T01:55:13+00:00\",\"description\":\"Blog\",\"breadcrumb\":{\"@id\":\"https:\/\/centrumbienestar.sk\/es\/blog\/#breadcrumb\"},\"inLanguage\":\"es\",\"potentialAction\":[{\"@type\":\"ReadAction\",\"target\":[\"https:\/\/centrumbienestar.sk\/es\/blog\/\"]}]},{\"@type\":\"BreadcrumbList\",\"@id\":\"https:\/\/centrumbienestar.sk\/es\/blog\/#breadcrumb\",\"itemListElement\":[{\"@type\":\"ListItem\",\"position\":1,\"name\":\"Home\",\"item\":\"https:\/\/centrumbienestar.sk\/es\/\"},{\"@type\":\"ListItem\",\"position\":2,\"name\":\"Blog\"}]},{\"@type\":\"WebSite\",\"@id\":\"https:\/\/centrumbienestar.sk\/es\/#website\",\"url\":\"https:\/\/centrumbienestar.sk\/es\/\",\"name\":\"Centro de consejer\u00eda Bienestar\",\"description\":\"Gracias a muchos a\u00f1os de experiencia, te ayudaremos a resolver tus problemas en la forma m\u00e1s profesional y efectiva. Adem\u00e1s, conectamos nuestra experiencia con novedades.\",\"publisher\":{\"@id\":\"https:\/\/centrumbienestar.sk\/es\/#organization\"},\"potentialAction\":[{\"@type\":\"SearchAction\",\"target\":{\"@type\":\"EntryPoint\",\"urlTemplate\":\"https:\/\/centrumbienestar.sk\/es\/?s={search_term_string}\"},\"query-input\":{\"@type\":\"PropertyValueSpecification\",\"valueRequired\":true,\"valueName\":\"search_term_string\"}}],\"inLanguage\":\"es\"},{\"@type\":\"Organization\",\"@id\":\"https:\/\/centrumbienestar.sk\/es\/#organization\",\"name\":\"Poradensk\u00e9 centrum Bienestar\",\"url\":\"https:\/\/centrumbienestar.sk\/es\/\",\"logo\":{\"@type\":\"ImageObject\",\"inLanguage\":\"es\",\"@id\":\"https:\/\/centrumbienestar.sk\/es\/#\/schema\/logo\/image\/\",\"url\":\"https:\/\/centrumbienestar.sk\/wp-content\/uploads\/2019\/12\/bienestar_logo_svk.png\",\"contentUrl\":\"https:\/\/centrumbienestar.sk\/wp-content\/uploads\/2019\/12\/bienestar_logo_svk.png\",\"width\":800,\"height\":662,\"caption\":\"Poradensk\u00e9 centrum Bienestar\"},\"image\":{\"@id\":\"https:\/\/centrumbienestar.sk\/es\/#\/schema\/logo\/image\/\"},\"sameAs\":[\"https:\/\/www.facebook.com\/PoradenskeCentrumBienestar\"]}]}<\/script>\n<!-- \/ Yoast SEO plugin. -->","yoast_head_json":{"title":"Blog - Centro de consejer\u00eda Bienestar","description":"Blog","robots":{"index":"index","follow":"follow","max-snippet":"max-snippet:-1","max-image-preview":"max-image-preview:large","max-video-preview":"max-video-preview:-1"},"canonical":"https:\/\/centrumbienestar.sk\/es\/blog\/","og_locale":"es_ES","og_type":"article","og_title":"Blog - Centro de consejer\u00eda Bienestar","og_description":"Blog","og_url":"https:\/\/centrumbienestar.sk\/es\/blog\/","og_site_name":"Centro de consejer\u00eda Bienestar","article_publisher":"https:\/\/www.facebook.com\/PoradenskeCentrumBienestar","schema":{"@context":"https:\/\/schema.org","@graph":[{"@type":"WebPage","@id":"https:\/\/centrumbienestar.sk\/es\/blog\/","url":"https:\/\/centrumbienestar.sk\/es\/blog\/","name":"Blog - Centro de consejer\u00eda Bienestar","isPartOf":{"@id":"https:\/\/centrumbienestar.sk\/es\/#website"},"datePublished":"2020-02-17T01:55:13+00:00","dateModified":"2020-02-17T01:55:13+00:00","description":"Blog","breadcrumb":{"@id":"https:\/\/centrumbienestar.sk\/es\/blog\/#breadcrumb"},"inLanguage":"es","potentialAction":[{"@type":"ReadAction","target":["https:\/\/centrumbienestar.sk\/es\/blog\/"]}]},{"@type":"BreadcrumbList","@id":"https:\/\/centrumbienestar.sk\/es\/blog\/#breadcrumb","itemListElement":[{"@type":"ListItem","position":1,"name":"Home","item":"https:\/\/centrumbienestar.sk\/es\/"},{"@type":"ListItem","position":2,"name":"Blog"}]},{"@type":"WebSite","@id":"https:\/\/centrumbienestar.sk\/es\/#website","url":"https:\/\/centrumbienestar.sk\/es\/","name":"Centro de consejer\u00eda Bienestar","description":"Gracias a muchos a\u00f1os de experiencia, te ayudaremos a resolver tus problemas en la forma m\u00e1s profesional y efectiva. Adem\u00e1s, conectamos nuestra experiencia con novedades.","publisher":{"@id":"https:\/\/centrumbienestar.sk\/es\/#organization"},"potentialAction":[{"@type":"SearchAction","target":{"@type":"EntryPoint","urlTemplate":"https:\/\/centrumbienestar.sk\/es\/?s={search_term_string}"},"query-input":{"@type":"PropertyValueSpecification","valueRequired":true,"valueName":"search_term_string"}}],"inLanguage":"es"},{"@type":"Organization","@id":"https:\/\/centrumbienestar.sk\/es\/#organization","name":"Poradensk\u00e9 centrum Bienestar","url":"https:\/\/centrumbienestar.sk\/es\/","logo":{"@type":"ImageObject","inLanguage":"es","@id":"https:\/\/centrumbienestar.sk\/es\/#\/schema\/logo\/image\/","url":"https:\/\/centrumbienestar.sk\/wp-content\/uploads\/2019\/12\/bienestar_logo_svk.png","contentUrl":"https:\/\/centrumbienestar.sk\/wp-content\/uploads\/2019\/12\/bienestar_logo_svk.png","width":800,"height":662,"caption":"Poradensk\u00e9 centrum Bienestar"},"image":{"@id":"https:\/\/centrumbienestar.sk\/es\/#\/schema\/logo\/image\/"},"sameAs":["https:\/\/www.facebook.com\/PoradenskeCentrumBienestar"]}]}},"_links":{"self":[{"href":"https:\/\/centrumbienestar.sk\/es\/wp-json\/wp\/v2\/pages\/1581","targetHints":{"allow":["GET"]}}],"collection":[{"href":"https:\/\/centrumbienestar.sk\/es\/wp-json\/wp\/v2\/pages"}],"about":[{"href":"https:\/\/centrumbienestar.sk\/es\/wp-json\/wp\/v2\/types\/page"}],"author":[{"embeddable":true,"href":"https:\/\/centrumbienestar.sk\/es\/wp-json\/wp\/v2\/users\/1"}],"replies":[{"embeddable":true,"href":"https:\/\/centrumbienestar.sk\/es\/wp-json\/wp\/v2\/comments?post=1581"}],"version-history":[{"count":3,"href":"https:\/\/centrumbienestar.sk\/es\/wp-json\/wp\/v2\/pages\/1581\/revisions"}],"predecessor-version":[{"id":1584,"href":"https:\/\/centrumbienestar.sk\/es\/wp-json\/wp\/v2\/pages\/1581\/revisions\/1584"}],"wp:attachment":[{"href":"https:\/\/centrumbienestar.sk\/es\/wp-json\/wp\/v2\/media?parent=1581"}],"curies":[{"name":"wp","href":"https:\/\/api.w.org\/{rel}","templated":true}]}}