{"id":1506,"date":"2020-02-17T01:48:27","date_gmt":"2020-02-17T00:48:27","guid":{"rendered":"https:\/\/centrumbienestar.sk\/?page_id=1506"},"modified":"2020-02-17T03:45:32","modified_gmt":"2020-02-17T02:45:32","slug":"contact","status":"publish","type":"page","link":"https:\/\/centrumbienestar.sk\/en\/contact\/","title":{"rendered":"Contact"},"content":{"rendered":"[vc_row][vc_column width=&#8221;1\/3&#8243;][\/vc_column][vc_column width=&#8221;1\/3&#8243;][gt3_custom_text text_color=&#8221;#42474c&#8221; font_size=&#8221;36&#8243; line_height=&#8221;165&#8243; use_theme_fonts=&#8221;&#8221; google_fonts_text=&#8221;font_family:Lato%3A100%2C100italic%2C300%2C300italic%2Cregular%2Citalic%2C700%2C700italic%2C900%2C900italic|font_style:300%20light%20regular%3A300%3Anormal&#8221;]\n<p style=\"text-align: center;\"><strong>How to contact us?<\/strong><span style=\"font-weight: 600;\" class=\"gt3_font-weight\"><\/span><\/p>\n[\/gt3_custom_text][gt3_spacing height=&#8221;28px&#8221;][gt3_custom_text text_color=&#8221;#5c656d&#8221; font_size=&#8221;22&#8243; use_theme_fonts=&#8221;&#8221; google_fonts_text=&#8221;font_family:Lato%3A100%2C100italic%2C300%2C300italic%2Cregular%2Citalic%2C700%2C700italic%2C900%2C900italic|font_style:400%20regular%3A400%3Anormal&#8221; responsive_font=&#8221;true&#8221; font_size_mobile=&#8221;17&#8243;]\n<p style=\"text-align: center;\"><i class=\"fa fa-envelope\" style=\"margin-right: 18px; color: #4eaac8;\"><\/i><a href=\"mailto:centrum.bienestar@gmail.com\" style=\"text-decoration: none;\">centrum.bienestar@gmail.com<\/a><\/p>\n[\/gt3_custom_text][gt3_spacing height=&#8221;28px&#8221;][gt3_custom_text text_color=&#8221;#4eaac8&#8243; font_size=&#8221;30&#8243; responsive_font=&#8221;true&#8221; font_size_mobile=&#8221;24&#8243;]\n<p style=\"text-align: center;\"><i class=\"fa fa-phone\" style=\"margin-right: 18px; color: #4eaac8;\"><\/i><a href=\"tel:0908969219\" style=\"text-decoration: none;\"><strong>0908 969 219<\/strong><\/a><\/p>\n[\/gt3_custom_text][gt3_spacing height=&#8221;70px&#8221;][\/vc_column][vc_column width=&#8221;1\/3&#8243;][\/vc_column][\/vc_row][vc_row css=&#8221;.vc_custom_1576726750211{padding-top: 25px !important;padding-bottom: 50px !important;}&#8221;][vc_column width=&#8221;1\/2&#8243;][gt3_custom_text text_color=&#8221;#5c656d&#8221; font_size=&#8221;22&#8243; line_height=&#8221;165&#8243; use_theme_fonts=&#8221;&#8221; google_fonts_text=&#8221;font_family:Lato%3A100%2C100italic%2C300%2C300italic%2Cregular%2Citalic%2C700%2C700italic%2C900%2C900italic|font_style:400%20regular%3A400%3Anormal&#8221; responsive_font=&#8221;true&#8221; font_size_mobile=&#8221;17&#8243;]\n<p style=\"text-align: center;\"><i class=\"fa fa-map-marker\" style=\"margin-right: 18px; color: #4eaac8;\"><\/i>Tolst\u00e9ho 9, Bratislava<\/p>\n[\/gt3_custom_text][gt3_spacing height=&#8221;28px&#8221;][vc_single_image image=&#8221;1352&#8243; img_size=&#8221;full&#8221; style=&#8221;vc_box_rounded&#8221; onclick=&#8221;custom_link&#8221; link=&#8221;https:\/\/goo.gl\/maps\/yLhRQ4Fc6GNJiEQaA&#8221;][gt3_spacing height=&#8221;28px&#8221;][gt3_button button_title=&#8221;Open map&#8221; button_alignment=&#8221;center&#8221; link=&#8221;url:https%3A%2F%2Fgoo.gl%2Fmaps%2FyLhRQ4Fc6GNJiEQaA||target:%20_blank|rel:nofollow&#8221; item_el_class=&#8221;custom-button&#8221;][gt3_spacing height=&#8221;64px&#8221;][\/vc_column][vc_column width=&#8221;1\/2&#8243;][gt3_custom_text text_color=&#8221;#5c656d&#8221; font_size=&#8221;22&#8243; line_height=&#8221;165&#8243; use_theme_fonts=&#8221;&#8221; google_fonts_text=&#8221;font_family:Lato%3A100%2C100italic%2C300%2C300italic%2Cregular%2Citalic%2C700%2C700italic%2C900%2C900italic|font_style:400%20regular%3A400%3Anormal&#8221; responsive_font=&#8221;true&#8221; font_size_mobile=&#8221;17&#8243;]\n<p style=\"text-align: center;\"><i class=\"fa fa-map-marker\" style=\"margin-right: 18px; color: #4eaac8;\"><\/i>Nemocni\u010dn\u00e1 757, Ve\u013ek\u00fd Krt\u00ed\u0161<\/p>\n[\/gt3_custom_text][gt3_spacing height=&#8221;28px&#8221;][vc_single_image image=&#8221;1349&#8243; img_size=&#8221;full&#8221; style=&#8221;vc_box_rounded&#8221; onclick=&#8221;custom_link&#8221; link=&#8221;https:\/\/goo.gl\/maps\/aFf7qqYRgswZ4VZF9&#8243;][gt3_spacing height=&#8221;28px&#8221;][gt3_button button_title=&#8221;Open map&#8221; button_alignment=&#8221;center&#8221; link=&#8221;url:https%3A%2F%2Fgoo.gl%2Fmaps%2FaFf7qqYRgswZ4VZF9||target:%20_blank|rel:nofollow&#8221; item_el_class=&#8221;custom-button&#8221;][gt3_spacing height=&#8221;64px&#8221;][\/vc_column][\/vc_row][vc_row][vc_column width=&#8221;1\/3&#8243;][\/vc_column][vc_column width=&#8221;1\/3&#8243;][gt3_custom_text text_color=&#8221;#42474c&#8221; font_size=&#8221;36&#8243; line_height=&#8221;165&#8243; use_theme_fonts=&#8221;&#8221; google_fonts_text=&#8221;font_family:Lato%3A100%2C100italic%2C300%2C300italic%2Cregular%2Citalic%2C700%2C700italic%2C900%2C900italic|font_style:300%20light%20regular%3A300%3Anormal&#8221;]\n<p style=\"text-align: center;\"><strong>Contact form<\/strong><span style=\"font-weight: 600;\" class=\"gt3_font-weight\"><\/span><\/p>\n[\/gt3_custom_text][gt3_spacing height=&#8221;28px&#8221;]\n<div class=\"wpcf7 no-js\" id=\"wpcf7-f1553-o1\" lang=\"sk-SK\" dir=\"ltr\" data-wpcf7-id=\"1553\">\n<div class=\"screen-reader-response\"><p role=\"status\" aria-live=\"polite\" aria-atomic=\"true\"><\/p> <ul><\/ul><\/div>\n<form action=\"\/en\/wp-json\/wp\/v2\/pages\/1506#wpcf7-f1553-o1\" method=\"post\" class=\"wpcf7-form init\" aria-label=\"Kontaktn\u00fd formul\u00e1r\" novalidate=\"novalidate\" data-status=\"init\">\n<div style=\"display: none;\">\n<input type=\"hidden\" name=\"_wpcf7\" value=\"1553\" \/>\n<input type=\"hidden\" name=\"_wpcf7_version\" value=\"6.0\" \/>\n<input type=\"hidden\" name=\"_wpcf7_locale\" value=\"sk_SK\" \/>\n<input type=\"hidden\" name=\"_wpcf7_unit_tag\" value=\"wpcf7-f1553-o1\" \/>\n<input type=\"hidden\" name=\"_wpcf7_container_post\" value=\"0\" \/>\n<input type=\"hidden\" name=\"_wpcf7_posted_data_hash\" value=\"\" \/>\n<input type=\"hidden\" name=\"_wpcf7_recaptcha_response\" value=\"\" \/>\n<\/div>\n<p><label> Your name (required)<br \/>\n<span class=\"wpcf7-form-control-wrap\" data-name=\"your-name\"><input size=\"40\" maxlength=\"400\" class=\"wpcf7-form-control wpcf7-text wpcf7-validates-as-required\" aria-required=\"true\" aria-invalid=\"false\" value=\"\" type=\"text\" name=\"your-name\" \/><\/span> <\/label>\n<\/p>\n<p><label> Your E-mail (required)<br \/>\n<span class=\"wpcf7-form-control-wrap\" data-name=\"your-email\"><input size=\"40\" maxlength=\"400\" class=\"wpcf7-form-control wpcf7-email wpcf7-validates-as-required wpcf7-text wpcf7-validates-as-email\" aria-required=\"true\" aria-invalid=\"false\" value=\"\" type=\"email\" name=\"your-email\" \/><\/span> <\/label>\n<\/p>\n<p><label> Phone<br \/>\n<span class=\"wpcf7-form-control-wrap\" data-name=\"your-phone\"><input size=\"40\" maxlength=\"400\" class=\"wpcf7-form-control wpcf7-text\" aria-invalid=\"false\" value=\"\" type=\"text\" name=\"your-phone\" \/><\/span> <\/label>\n<\/p>\n<p><label> Message<br \/>\n<span class=\"wpcf7-form-control-wrap\" data-name=\"your-message\"><textarea cols=\"40\" rows=\"10\" maxlength=\"2000\" class=\"wpcf7-form-control wpcf7-textarea\" aria-invalid=\"false\" name=\"your-message\"><\/textarea><\/span> <\/label>\n<\/p>\n<p><input class=\"wpcf7-form-control wpcf7-submit has-spinner\" type=\"submit\" value=\"Send\" \/>\n<\/p><div class=\"wpcf7-response-output\" aria-hidden=\"true\"><\/div>\n<\/form>\n<\/div>\n[gt3_spacing height=&#8221;70px&#8221;][\/vc_column][vc_column width=&#8221;1\/3&#8243;][\/vc_column][\/vc_row]\n","protected":false},"excerpt":{"rendered":"<p>[vc_row][vc_column width=&#8221;1\/3&#8243;][\/vc_column][vc_column width=&#8221;1\/3&#8243;][gt3_custom_text text_color=&#8221;#42474c&#8221; font_size=&#8221;36&#8243; line_height=&#8221;165&#8243; use_theme_fonts=&#8221;&#8221; google_fonts_text=&#8221;font_family:Lato%3A100%2C100italic%2C300%2C300italic%2Cregular%2Citalic%2C700%2C700italic%2C900%2C900italic|font_style:300%20light%20regular%3A300%3Anormal&#8221;] How to contact us? [\/gt3_custom_text][gt3_spacing height=&#8221;28px&#8221;][gt3_custom_text text_color=&#8221;#5c656d&#8221; font_size=&#8221;22&#8243; use_theme_fonts=&#8221;&#8221; google_fonts_text=&#8221;font_family:Lato%3A100%2C100italic%2C300%2C300italic%2Cregular%2Citalic%2C700%2C700italic%2C900%2C900italic|font_style:400%20regular%3A400%3Anormal&#8221; responsive_font=&#8221;true&#8221; font_size_mobile=&#8221;17&#8243;] centrum.bienestar@gmail.com [\/gt3_custom_text][gt3_spacing height=&#8221;28px&#8221;][gt3_custom_text text_color=&#8221;#4eaac8&#8243; font_size=&#8221;30&#8243; responsive_font=&#8221;true&#8221; font_size_mobile=&#8221;24&#8243;] 0908 969 219 [\/gt3_custom_text][gt3_spacing height=&#8221;70px&#8221;][\/vc_column][vc_column width=&#8221;1\/3&#8243;][\/vc_column][\/vc_row][vc_row css=&#8221;.vc_custom_1576726750211{padding-top: 25px !important;padding-bottom: 50px !important;}&#8221;][vc_column width=&#8221;1\/2&#8243;][gt3_custom_text text_color=&#8221;#5c656d&#8221; font_size=&#8221;22&#8243; line_height=&#8221;165&#8243; use_theme_fonts=&#8221;&#8221; google_fonts_text=&#8221;font_family:Lato%3A100%2C100italic%2C300%2C300italic%2Cregular%2Citalic%2C700%2C700italic%2C900%2C900italic|font_style:400%20regular%3A400%3Anormal&#8221; responsive_font=&#8221;true&#8221; font_size_mobile=&#8221;17&#8243;] Tolst\u00e9ho 9, Bratislava [\/gt3_custom_text][gt3_spacing height=&#8221;28px&#8221;][vc_single_image image=&#8221;1352&#8243; img_size=&#8221;full&#8221; style=&#8221;vc_box_rounded&#8221; onclick=&#8221;custom_link&#8221; [&hellip;]<\/p>\n","protected":false},"author":1,"featured_media":0,"parent":0,"menu_order":0,"comment_status":"closed","ping_status":"closed","template":"","meta":{"footnotes":""},"class_list":["post-1506","page","type-page","status-publish","hentry"],"yoast_head":"<!-- This site is optimized with the Yoast SEO plugin v23.8 - https:\/\/yoast.com\/wordpress\/plugins\/seo\/ -->\n<title>Contact - Counselling Centre Bienestar<\/title>\n<meta name=\"description\" content=\"Contact\" \/>\n<meta name=\"robots\" content=\"index, follow, max-snippet:-1, max-image-preview:large, max-video-preview:-1\" \/>\n<link rel=\"canonical\" href=\"https:\/\/centrumbienestar.sk\/en\/contact\/\" \/>\n<meta property=\"og:locale\" content=\"en_US\" \/>\n<meta property=\"og:type\" content=\"article\" \/>\n<meta property=\"og:title\" content=\"Contact - Counselling Centre Bienestar\" \/>\n<meta property=\"og:description\" content=\"Contact\" \/>\n<meta property=\"og:url\" content=\"https:\/\/centrumbienestar.sk\/en\/contact\/\" \/>\n<meta property=\"og:site_name\" content=\"Counselling Centre Bienestar\" \/>\n<meta property=\"article:publisher\" content=\"https:\/\/www.facebook.com\/PoradenskeCentrumBienestar\" \/>\n<meta property=\"article:modified_time\" content=\"2020-02-17T02:45:32+00:00\" \/>\n<meta name=\"twitter:label1\" content=\"Est. reading time\" \/>\n\t<meta name=\"twitter:data1\" content=\"2 minutes\" \/>\n<script type=\"application\/ld+json\" class=\"yoast-schema-graph\">{\"@context\":\"https:\/\/schema.org\",\"@graph\":[{\"@type\":\"WebPage\",\"@id\":\"https:\/\/centrumbienestar.sk\/en\/contact\/\",\"url\":\"https:\/\/centrumbienestar.sk\/en\/contact\/\",\"name\":\"Contact - Counselling Centre Bienestar\",\"isPartOf\":{\"@id\":\"https:\/\/centrumbienestar.sk\/en\/#website\"},\"datePublished\":\"2020-02-17T00:48:27+00:00\",\"dateModified\":\"2020-02-17T02:45:32+00:00\",\"description\":\"Contact\",\"breadcrumb\":{\"@id\":\"https:\/\/centrumbienestar.sk\/en\/contact\/#breadcrumb\"},\"inLanguage\":\"en-US\",\"potentialAction\":[{\"@type\":\"ReadAction\",\"target\":[\"https:\/\/centrumbienestar.sk\/en\/contact\/\"]}]},{\"@type\":\"BreadcrumbList\",\"@id\":\"https:\/\/centrumbienestar.sk\/en\/contact\/#breadcrumb\",\"itemListElement\":[{\"@type\":\"ListItem\",\"position\":1,\"name\":\"Home\",\"item\":\"https:\/\/centrumbienestar.sk\/en\/\"},{\"@type\":\"ListItem\",\"position\":2,\"name\":\"Contact\"}]},{\"@type\":\"WebSite\",\"@id\":\"https:\/\/centrumbienestar.sk\/en\/#website\",\"url\":\"https:\/\/centrumbienestar.sk\/en\/\",\"name\":\"Counselling Centre Bienestar\",\"description\":\"Thanks to years of experiences we will help you to resolve your problems in the most professional and effective way. In addition, we connect experiences with innovations.\",\"publisher\":{\"@id\":\"https:\/\/centrumbienestar.sk\/en\/#organization\"},\"potentialAction\":[{\"@type\":\"SearchAction\",\"target\":{\"@type\":\"EntryPoint\",\"urlTemplate\":\"https:\/\/centrumbienestar.sk\/en\/?s={search_term_string}\"},\"query-input\":{\"@type\":\"PropertyValueSpecification\",\"valueRequired\":true,\"valueName\":\"search_term_string\"}}],\"inLanguage\":\"en-US\"},{\"@type\":\"Organization\",\"@id\":\"https:\/\/centrumbienestar.sk\/en\/#organization\",\"name\":\"Poradensk\u00e9 centrum Bienestar\",\"url\":\"https:\/\/centrumbienestar.sk\/en\/\",\"logo\":{\"@type\":\"ImageObject\",\"inLanguage\":\"en-US\",\"@id\":\"https:\/\/centrumbienestar.sk\/en\/#\/schema\/logo\/image\/\",\"url\":\"https:\/\/centrumbienestar.sk\/wp-content\/uploads\/2019\/12\/bienestar_logo_svk.png\",\"contentUrl\":\"https:\/\/centrumbienestar.sk\/wp-content\/uploads\/2019\/12\/bienestar_logo_svk.png\",\"width\":800,\"height\":662,\"caption\":\"Poradensk\u00e9 centrum Bienestar\"},\"image\":{\"@id\":\"https:\/\/centrumbienestar.sk\/en\/#\/schema\/logo\/image\/\"},\"sameAs\":[\"https:\/\/www.facebook.com\/PoradenskeCentrumBienestar\"]}]}<\/script>\n<!-- \/ Yoast SEO plugin. -->","yoast_head_json":{"title":"Contact - Counselling Centre Bienestar","description":"Contact","robots":{"index":"index","follow":"follow","max-snippet":"max-snippet:-1","max-image-preview":"max-image-preview:large","max-video-preview":"max-video-preview:-1"},"canonical":"https:\/\/centrumbienestar.sk\/en\/contact\/","og_locale":"en_US","og_type":"article","og_title":"Contact - Counselling Centre Bienestar","og_description":"Contact","og_url":"https:\/\/centrumbienestar.sk\/en\/contact\/","og_site_name":"Counselling Centre Bienestar","article_publisher":"https:\/\/www.facebook.com\/PoradenskeCentrumBienestar","article_modified_time":"2020-02-17T02:45:32+00:00","twitter_misc":{"Est. reading time":"2 minutes"},"schema":{"@context":"https:\/\/schema.org","@graph":[{"@type":"WebPage","@id":"https:\/\/centrumbienestar.sk\/en\/contact\/","url":"https:\/\/centrumbienestar.sk\/en\/contact\/","name":"Contact - Counselling Centre Bienestar","isPartOf":{"@id":"https:\/\/centrumbienestar.sk\/en\/#website"},"datePublished":"2020-02-17T00:48:27+00:00","dateModified":"2020-02-17T02:45:32+00:00","description":"Contact","breadcrumb":{"@id":"https:\/\/centrumbienestar.sk\/en\/contact\/#breadcrumb"},"inLanguage":"en-US","potentialAction":[{"@type":"ReadAction","target":["https:\/\/centrumbienestar.sk\/en\/contact\/"]}]},{"@type":"BreadcrumbList","@id":"https:\/\/centrumbienestar.sk\/en\/contact\/#breadcrumb","itemListElement":[{"@type":"ListItem","position":1,"name":"Home","item":"https:\/\/centrumbienestar.sk\/en\/"},{"@type":"ListItem","position":2,"name":"Contact"}]},{"@type":"WebSite","@id":"https:\/\/centrumbienestar.sk\/en\/#website","url":"https:\/\/centrumbienestar.sk\/en\/","name":"Counselling Centre Bienestar","description":"Thanks to years of experiences we will help you to resolve your problems in the most professional and effective way. In addition, we connect experiences with innovations.","publisher":{"@id":"https:\/\/centrumbienestar.sk\/en\/#organization"},"potentialAction":[{"@type":"SearchAction","target":{"@type":"EntryPoint","urlTemplate":"https:\/\/centrumbienestar.sk\/en\/?s={search_term_string}"},"query-input":{"@type":"PropertyValueSpecification","valueRequired":true,"valueName":"search_term_string"}}],"inLanguage":"en-US"},{"@type":"Organization","@id":"https:\/\/centrumbienestar.sk\/en\/#organization","name":"Poradensk\u00e9 centrum Bienestar","url":"https:\/\/centrumbienestar.sk\/en\/","logo":{"@type":"ImageObject","inLanguage":"en-US","@id":"https:\/\/centrumbienestar.sk\/en\/#\/schema\/logo\/image\/","url":"https:\/\/centrumbienestar.sk\/wp-content\/uploads\/2019\/12\/bienestar_logo_svk.png","contentUrl":"https:\/\/centrumbienestar.sk\/wp-content\/uploads\/2019\/12\/bienestar_logo_svk.png","width":800,"height":662,"caption":"Poradensk\u00e9 centrum Bienestar"},"image":{"@id":"https:\/\/centrumbienestar.sk\/en\/#\/schema\/logo\/image\/"},"sameAs":["https:\/\/www.facebook.com\/PoradenskeCentrumBienestar"]}]}},"_links":{"self":[{"href":"https:\/\/centrumbienestar.sk\/en\/wp-json\/wp\/v2\/pages\/1506","targetHints":{"allow":["GET"]}}],"collection":[{"href":"https:\/\/centrumbienestar.sk\/en\/wp-json\/wp\/v2\/pages"}],"about":[{"href":"https:\/\/centrumbienestar.sk\/en\/wp-json\/wp\/v2\/types\/page"}],"author":[{"embeddable":true,"href":"https:\/\/centrumbienestar.sk\/en\/wp-json\/wp\/v2\/users\/1"}],"replies":[{"embeddable":true,"href":"https:\/\/centrumbienestar.sk\/en\/wp-json\/wp\/v2\/comments?post=1506"}],"version-history":[{"count":6,"href":"https:\/\/centrumbienestar.sk\/en\/wp-json\/wp\/v2\/pages\/1506\/revisions"}],"predecessor-version":[{"id":1631,"href":"https:\/\/centrumbienestar.sk\/en\/wp-json\/wp\/v2\/pages\/1506\/revisions\/1631"}],"wp:attachment":[{"href":"https:\/\/centrumbienestar.sk\/en\/wp-json\/wp\/v2\/media?parent=1506"}],"curies":[{"name":"wp","href":"https:\/\/api.w.org\/{rel}","templated":true}]}}